{"id":1485,"date":"2025-10-13T15:25:28","date_gmt":"2025-10-13T13:25:28","guid":{"rendered":"http:\/\/www.istitutomariausiliatrice.it\/infanzia\/?page_id=1485"},"modified":"2025-10-14T15:09:33","modified_gmt":"2025-10-14T13:09:33","slug":"attivita-extra-curricolari-2025-2026","status":"publish","type":"page","link":"https:\/\/istitutomariausiliatrice.it\/infanzia\/attivita-extra-curricolari-2025-2026\/","title":{"rendered":"ATTIVITA&#8217; EXTRACURRICOLARI"},"content":{"rendered":"\r\n<p>Per l&#8217;AS 25-26 abbiamo attivato i percorsi di JUDO al mercoled\u00ec, ALWAYS ON THE MOVE al gioved\u00ec e ARTE e MANUALITA&#8217; al venerd\u00ec.<\/p>\r\n<p><strong>Mercoled\u00ec: <\/strong>ATTIVITA&#8217; EXTRACURRICOLARE <strong>JUDO <\/strong>con Associazione Kumiai Mayhem &#8211;\u00a0<strong><a href=\"https:\/\/drive.google.com\/file\/d\/1bAd2ArVfb0bf-YdVgZHVtsBW6uKroHyA\/view?usp=sharing\">progetto 2025-2026<\/a><\/strong><\/p>\r\n<p><strong>Gioved\u00ec:\u00a0 <\/strong>ATTIVITA&#8217; EXTRACURRICOLARE <strong>ALWAYS ON THE MOVE <\/strong>con Associazione Rotolando &#8211;<strong>\u00a0<a href=\"https:\/\/drive.google.com\/file\/d\/1cEHLgLn5pEeG7ByEXsGCoChhO7nJNSiy\/view?usp=sharing\">progetto 25-26<\/a><\/strong><\/p>\r\n<p><strong>Venerd\u00ec: <\/strong>ATTIVITA&#8217; EXTRACURRICOLARE <strong>ARTE e MANUALITA&#8217; <\/strong>con Associazione Art\u00f9 &#8211;<strong><a href=\"https:\/\/drive.google.com\/file\/d\/16bO2ums6e_eBT0z71unhTRjXAQfR4eBX\/view?usp=drive_link\"> progetto 2025-2026<\/a><\/strong><\/p>\r\n<p>Tutti i bambini che svolgono attivit\u00e0 extra-curricolari usciranno a fine lezione da C.so Regina Margherita. Chi usufruisce del servizio di post-scuola uscir\u00e0, come abitudine, da piazza Maria Ausiliatrice.<\/p>\r\n","protected":false},"excerpt":{"rendered":"<p>Per l&#8217;AS 25-26 abbiamo attivato i percorsi di JUDO al mercoled\u00ec, ALWAYS ON THE MOVE al gioved\u00ec e ARTE e &hellip;<\/p>\n","protected":false},"author":1,"featured_media":0,"parent":0,"menu_order":0,"comment_status":"closed","ping_status":"closed","template":"","meta":{"vkexunit_cta_each_option":"","footnotes":""},"class_list":["post-1485","page","type-page","status-publish","hentry"],"_links":{"self":[{"href":"https:\/\/istitutomariausiliatrice.it\/infanzia\/wp-json\/wp\/v2\/pages\/1485","targetHints":{"allow":["GET"]}}],"collection":[{"href":"https:\/\/istitutomariausiliatrice.it\/infanzia\/wp-json\/wp\/v2\/pages"}],"about":[{"href":"https:\/\/istitutomariausiliatrice.it\/infanzia\/wp-json\/wp\/v2\/types\/page"}],"author":[{"embeddable":true,"href":"https:\/\/istitutomariausiliatrice.it\/infanzia\/wp-json\/wp\/v2\/users\/1"}],"replies":[{"embeddable":true,"href":"https:\/\/istitutomariausiliatrice.it\/infanzia\/wp-json\/wp\/v2\/comments?post=1485"}],"version-history":[{"count":40,"href":"https:\/\/istitutomariausiliatrice.it\/infanzia\/wp-json\/wp\/v2\/pages\/1485\/revisions"}],"predecessor-version":[{"id":2496,"href":"https:\/\/istitutomariausiliatrice.it\/infanzia\/wp-json\/wp\/v2\/pages\/1485\/revisions\/2496"}],"wp:attachment":[{"href":"https:\/\/istitutomariausiliatrice.it\/infanzia\/wp-json\/wp\/v2\/media?parent=1485"}],"curies":[{"name":"wp","href":"https:\/\/api.w.org\/{rel}","templated":true}]}}