{"id":1489,"date":"2018-05-30T12:15:40","date_gmt":"2018-05-30T10:15:40","guid":{"rendered":"http:\/\/www.istitutomariausiliatrice.it\/infanzia\/?page_id=1489"},"modified":"2025-10-13T16:06:31","modified_gmt":"2025-10-13T14:06:31","slug":"laboratori","status":"publish","type":"page","link":"https:\/\/istitutomariausiliatrice.it\/infanzia\/laboratori\/","title":{"rendered":"LABORATORI DI AMPLIAMENTO DELL&#8217;OFFERTA FORMATIVA"},"content":{"rendered":"\r\n<p>LABORATORI PER FASCE DI ETA&#8217;: I nostri gruppi classe sono ETEROGENEI, cio\u00e8 i bimbi di 3 anni, 4 anni e 5 anni lavorano tutti insieme nello svolgimento del programma. La giornata scolastica si dipana, per\u00f2, non solo su attivit\u00e0 svolte tutti insieme (3-4 e 5 anni) in sezione con la maestra tutor, ma anche per fasce di et\u00e0: le stesse maestre di sezione, prendono oltre ai propri, i bambini e le bambine delle altre classi, ma della stessa et\u00e0, e svolgono insieme a loro laboratori interni specifici per il raggiungimento e la costruzione di competenze specifiche; lettura, giocacolore, logico-matematico, coding.\u00a0<\/p>\r\n<p>LABORATORI PER FASCE DI ETA&#8217; con\u00a0 MAESTRI ESTERNI: ogni settimana i nostri bambini possono partecipare a laboratori con maestri specializzati esterni che propongono attivit\u00e0 di giocomotricit\u00e0, inglese e musica. le lezioni vengono svolte in orario curricolare, sebbene caldamente consigliate, rimangono non obbligatorie.<\/p>\r\n<p>ATTIVITA&#8217; POMERIDIANE EXTRA-CURRICOLARI: sono corsi che vengono proposti alle famiglie all&#8217;inizio di ogni anno scolastico, vengono attivati con un numero minimo di iscritti, con orario 16:00-17:00, vanno da met\u00e0 ottobre fino a met\u00e0 maggio e si concludono con una lezione finale aperta ai genitori.\u00a0\u00a0<\/p>\r\n","protected":false},"excerpt":{"rendered":"<p>LABORATORI PER FASCE DI ETA&#8217;: I nostri gruppi classe sono ETEROGENEI, cio\u00e8 i bimbi di 3 anni, 4 anni e &hellip;<\/p>\n","protected":false},"author":1,"featured_media":0,"parent":0,"menu_order":0,"comment_status":"closed","ping_status":"closed","template":"","meta":{"vkexunit_cta_each_option":"","footnotes":""},"class_list":["post-1489","page","type-page","status-publish","hentry"],"_links":{"self":[{"href":"https:\/\/istitutomariausiliatrice.it\/infanzia\/wp-json\/wp\/v2\/pages\/1489","targetHints":{"allow":["GET"]}}],"collection":[{"href":"https:\/\/istitutomariausiliatrice.it\/infanzia\/wp-json\/wp\/v2\/pages"}],"about":[{"href":"https:\/\/istitutomariausiliatrice.it\/infanzia\/wp-json\/wp\/v2\/types\/page"}],"author":[{"embeddable":true,"href":"https:\/\/istitutomariausiliatrice.it\/infanzia\/wp-json\/wp\/v2\/users\/1"}],"replies":[{"embeddable":true,"href":"https:\/\/istitutomariausiliatrice.it\/infanzia\/wp-json\/wp\/v2\/comments?post=1489"}],"version-history":[{"count":5,"href":"https:\/\/istitutomariausiliatrice.it\/infanzia\/wp-json\/wp\/v2\/pages\/1489\/revisions"}],"predecessor-version":[{"id":2486,"href":"https:\/\/istitutomariausiliatrice.it\/infanzia\/wp-json\/wp\/v2\/pages\/1489\/revisions\/2486"}],"wp:attachment":[{"href":"https:\/\/istitutomariausiliatrice.it\/infanzia\/wp-json\/wp\/v2\/media?parent=1489"}],"curies":[{"name":"wp","href":"https:\/\/api.w.org\/{rel}","templated":true}]}}