{"id":810,"date":"2014-10-21T12:04:00","date_gmt":"2014-10-21T10:04:00","guid":{"rendered":"http:\/\/www.istitutomariausiliatrice.it\/infanzia\/?page_id=810"},"modified":"2025-10-13T10:58:29","modified_gmt":"2025-10-13T08:58:29","slug":"percorso-tradizionale","status":"publish","type":"page","link":"https:\/\/istitutomariausiliatrice.it\/infanzia\/per-conoscerci\/percorso-tradizionale\/","title":{"rendered":"PERCORSO sezioni CONVENZIONATE"},"content":{"rendered":"<p>Fanno parte del percorso tradizionale della nostra scuola tre sezioni eterogenee <a href=\"http:\/\/www.comune.torino.it\/servizieducativi\/36\/iscrizioni\/index.html\">convenzionate con il comune di Torino: ARCOBALENO &#8211; AQUILONI e PON PON<\/a><strong>!<\/strong><\/p>\r\n<p>Ogni sezione ha una<strong> maestra propria<\/strong>, che collabora per alcune attivit\u00e0 con maestri specialisti esterni, che gestiscono i laboratori per fasce di et\u00e0 di giocomotricit\u00e0,\u00a0 inglese (con l&#8217;<a href=\"https:\/\/www.facebook.com\/Rotolando-ssd-Giocomotricita-105583347520820\/\">Associazione Rotolando<\/a>) e baby orchestra (con Scuola MozArt).<\/p>\r\n<p>Che cosa facciamo in sezione? Portiamo avanti il nostro programma annuale e lavoriamo in laboratori interni per fascia d\u2019et\u00e0: <strong><em>logico matematico<\/em><\/strong> per i bimbi di 5 anni, <em><strong>pittura<\/strong><\/em> per i bimbi di 5 anni, <em><strong>manipolando<\/strong><\/em> per i bimbi di 4 anni, <em><strong>lettura<\/strong><\/em> per i bimbi di 4\/5 anni, <em><strong>linguistico <\/strong><\/em>per i bimbi di 5 anni, <strong><em>informatica \/ coding<\/em><\/strong> per i bimbi 4\/5 anni, <em><strong>primi concetti topologici<\/strong><\/em> per i bimbi di 4 anni , <strong><em>gioca colore<\/em><\/strong> per i bimbi di 3 anni e <strong><em>primo approccio musicale<\/em><\/strong> per i bimbi di 3 anni. Ogni laboratorio concretizza una specifica unit\u00e0 di apprendimento attraverso i \u201ccampi di esperienza\u201d: personaggi di fantasia \u2013 pi\u00f9 o meno conosciuti &#8211; ci accompagnano durante tutto l\u2019anno con attivit\u00e0 che vanno dal <strong>GIOCO<\/strong>, alla<strong> MANUALIT\u00c0, <\/strong>al <strong>CANTO<\/strong> e alla <strong>LETTURA<\/strong>.<\/p>\r\n<p>I bimbi indossano una divisa scolastica in base alla fascia d\u2019et\u00e0: maglietta <strong>VERDE<\/strong>, <strong>ARANCIONE<\/strong> o <strong>ROSSA <\/strong>e felpa <strong>BLU<\/strong> che li accompagneranno per la durata di tutto il loro percorso da noi.<\/p>\r\n<p>Percorriamo la strada della conquista dell&#8217;autonomia e lo sviluppo delle competenze: vogliamo portare i nostri piccoli alunni ad essere pronti per la scuola primaria. A fine orario pomeridiano, \u00e8 possibile usufruire del servizio di post-scuola o partecipare ai laboratori extra: judo con Associazione <strong><a href=\"https:\/\/www.instagram.com\/kumiai.mayhem\/\">Kumiai Mayhem<\/a><\/strong>, Always on the Move con <a href=\"https:\/\/www.facebook.com\/Rotolando-ssd-Giocomotricita-105583347520820\/\"><strong>Associazione Rotolando<\/strong><\/a>), cinese con le maestre dell&#8217;<strong><a href=\"https:\/\/istitutoconfucio.torino.it\/\">Istituto Confucio<\/a><\/strong> e Arte e manualit\u00e0 con le maestre di <strong><a href=\"https:\/\/www.facebook.com\/associartu\">Associazione Art\u00f9<\/a>.<\/strong><\/p>\r\n<p>Ci piace fare festa: la castagnata o la vendemmia in cortile, la raccolta delle foglie nel parco, l\u2019accoglienza di Babbo Natale, la festa del GRAZIE e quella del CIAO ai bambini che terminano il percorso con noi, a fine anno! E non \u00e8 finita qui: cin cin con i nonni, cin cin di inizio estate: venite e vedrete, anzi, venite e gustate quanto \u00e8 bello stare insieme!<\/p>\r\n<p>Il nostro <strong>PROGETTO DIDATTICO<\/strong><strong>, come vedete,<\/strong> va di pari passo con il <strong>PROGETTO FORMATIVO <\/strong>che attua il SISTEMA PREVENTIVO di DON BOSCO: ragione, religione e amorevolezza\u2026e tanta tanta allegria!<\/p>\r\n<p>Per iscriversi alle nostre sezioni tradizionali-convenzionate bisogna registrarsi alla piattaforma <strong><a href=\"http:\/\/www.comune.torino.it\/servizieducativi\/36\/iscrizioni\/index.html\">TorinoFacile &#8211; servizi educativi della citt\u00e0 di Torino<\/a><\/strong>, e seguire le istruzioni di completamento della procedura.<\/p>\r\n<p>Per saperne di pi\u00f9 su di noi, potete partecipare ai nostri open day o scrivere per colloquio conoscitivo con le maestre a <a href=\"mailto:a.lucarelli@mauxtorino.com\">a.lucarelli@mauxtorino.com<\/a><\/p>\r\n<p>VI RICORDIAMO CHE POTETE VENIRE A VISITARE LA SCUOLA DAL VIVO OGNI MARTEDI&#8217; prendendo appuntamento. non esitate a scrivere alla maestra Anto <a href=\"mailto:a.lucarelli@mauxtorino.com\">a.lucarelli@mauxtorino.com<\/a> oppure a <a href=\"mailto:segreteria.infanzia@mauxtorino.com\">segreteria.infanzia@mauxtorino.com<\/a><\/p>\r\n<div class=\"wp-block-image\">\r\n<figure class=\"aligncenter size-full\"><a href=\"https:\/\/www.istitutomariausiliatrice.it\/wp-content\/uploads\/sites\/2\/iscrizioni-25-26-1.png\"><img loading=\"lazy\" decoding=\"async\" width=\"534\" height=\"721\" class=\"wp-image-2415\" src=\"https:\/\/www.istitutomariausiliatrice.it\/wp-content\/uploads\/sites\/2\/iscrizioni-25-26-1.png\" alt=\"\" srcset=\"https:\/\/istitutomariausiliatrice.it\/infanzia\/files\/iscrizioni-25-26-1.png 534w, https:\/\/istitutomariausiliatrice.it\/infanzia\/files\/iscrizioni-25-26-1-222x300.png 222w, https:\/\/istitutomariausiliatrice.it\/infanzia\/files\/iscrizioni-25-26-1-148x200.png 148w\" sizes=\"auto, (max-width: 534px) 100vw, 534px\" \/><\/a><\/figure>\r\n<\/div>","protected":false},"excerpt":{"rendered":"<p>Fanno parte del percorso tradizionale della nostra scuola tre sezioni eterogenee convenzionate con il comune di Torino: ARCOBALENO &#8211; AQUILONI &hellip;<\/p>\n","protected":false},"author":1,"featured_media":0,"parent":803,"menu_order":1,"comment_status":"closed","ping_status":"closed","template":"","meta":{"vkexunit_cta_each_option":"","footnotes":""},"class_list":["post-810","page","type-page","status-publish","hentry"],"_links":{"self":[{"href":"https:\/\/istitutomariausiliatrice.it\/infanzia\/wp-json\/wp\/v2\/pages\/810","targetHints":{"allow":["GET"]}}],"collection":[{"href":"https:\/\/istitutomariausiliatrice.it\/infanzia\/wp-json\/wp\/v2\/pages"}],"about":[{"href":"https:\/\/istitutomariausiliatrice.it\/infanzia\/wp-json\/wp\/v2\/types\/page"}],"author":[{"embeddable":true,"href":"https:\/\/istitutomariausiliatrice.it\/infanzia\/wp-json\/wp\/v2\/users\/1"}],"replies":[{"embeddable":true,"href":"https:\/\/istitutomariausiliatrice.it\/infanzia\/wp-json\/wp\/v2\/comments?post=810"}],"version-history":[{"count":21,"href":"https:\/\/istitutomariausiliatrice.it\/infanzia\/wp-json\/wp\/v2\/pages\/810\/revisions"}],"predecessor-version":[{"id":2463,"href":"https:\/\/istitutomariausiliatrice.it\/infanzia\/wp-json\/wp\/v2\/pages\/810\/revisions\/2463"}],"up":[{"embeddable":true,"href":"https:\/\/istitutomariausiliatrice.it\/infanzia\/wp-json\/wp\/v2\/pages\/803"}],"wp:attachment":[{"href":"https:\/\/istitutomariausiliatrice.it\/infanzia\/wp-json\/wp\/v2\/media?parent=810"}],"curies":[{"name":"wp","href":"https:\/\/api.w.org\/{rel}","templated":true}]}}