{"id":812,"date":"2014-10-21T12:04:39","date_gmt":"2014-10-21T10:04:39","guid":{"rendered":"http:\/\/www.istitutomariausiliatrice.it\/infanzia\/?page_id=812"},"modified":"2025-10-13T11:06:40","modified_gmt":"2025-10-13T09:06:40","slug":"percorso-internazionale","status":"publish","type":"page","link":"https:\/\/istitutomariausiliatrice.it\/infanzia\/per-conoscerci\/percorso-internazionale\/","title":{"rendered":"PERCORSO potenziamento lingua inglese"},"content":{"rendered":"<p>Il percorso internazionale si chiama <strong>SMILE<\/strong>: \u00e8 la nostra sezione con potenziamento di lingua inglese. Accanto alle maestre di sezione, \u00e8 presente la docente madrelingua in orario curricolare perch\u00e9 crediamo che la sua presenza sia una grande opportunit\u00e0 per sviluppare le abilit\u00e0 linguistico-cognitive in maniera spontanea e diretta. La proposta si articola in un percorso che giornalmente offra ai bambini full activities in lingua inglese, alternate tra insegnante di lingua, insegnante madrelingua e interventi mirati (video, giochi, canzoni, filastrocche) della maestra di sezione. La lingua straniera viene utilizzata in maniera semplice e continuativa anche nei diversi momenti dell&#8217;attivit\u00e0 in sezione: l\u2019accoglienza, il tempo-cerchio, i momenti dedicati all&#8217;igiene personale, il momento del pranzo.<\/p>\n<p>La sezione SMILE ha due <strong>maestre<\/strong>, che, oltre a poartare avanti i contenuti della programmazione annuale e gestire le attivit\u00e0 di interclasse per fasce di et\u00e0, collaborano per alcune attivit\u00e0 con maestri specialisti: giocomotricit\u00e0 e inglese (con l&#8217;<a href=\"https:\/\/www.facebook.com\/Rotolando-ssd-Giocomotricita-105583347520820\/\">Associazione Rotolando<\/a>) e baby orchestra (con Scuola MozArt).<\/p>\n<p><span style=\"font-size: revert;text-indent: 0em\">Che cosa facciamo in sezione? Portiamo avanti il nostro programma annuale e lavoriamo in laboratori interni per fascia d\u2019et\u00e0: <em><strong>logico matematico<\/strong><\/em> per i bimbi di 5 anni, <strong><em>pittura<\/em><\/strong> per i bimbi di 5 anni, <strong><em>manipolando<\/em><\/strong> per i bimbi di 4 anni, <strong><em>lettura<\/em><\/strong> per i bimbi di 4\/5 anni, <strong><em>linguistico <\/em><\/strong>per i bimbi di 5 anni, <em><strong>informatica \/ coding<\/strong><\/em> per i bimbi 4\/5 anni, <strong><em>primi concetti topologici<\/em><\/strong> per i bimbi di 4 anni , <em><strong>gioca colore<\/strong><\/em> per i bimbi di 3 anni e <em><strong>primo approccio musicale<\/strong><\/em> per i bimbi di 3 anni. Ogni laboratorio concretizza una specifica unit\u00e0 di apprendimento attraverso i \u201ccampi di esperienza\u201d: personaggi di fantasia \u2013 pi\u00f9 o meno conosciuti &#8211; ci accompagnano durante tutto l\u2019anno con attivit\u00e0 che vanno dal <strong>GIOCO<\/strong>, alla<strong> MANUALIT\u00c0, <\/strong>al <strong>CANTO<\/strong> e alla <strong>LETTURA<\/strong>.<\/span><\/p>\n<p>I bimbi indossano una divisa scolastica in base alla fascia d\u2019et\u00e0: maglietta <strong>VERDE<\/strong>, <strong>ARANCIONE<\/strong> o <strong>ROSSA <\/strong>e felpa <strong>BLU\u00a0<\/strong> che li accompagneranno per la durata di tutto il loro percorso da noi.<\/p>\n<p>Percorriamo la strada della conquista dell&#8217;autonomia e lo sviluppo delle competenze: vogliamo portare i nostri piccoli alunni ad essere pronti per la scuola primaria. A fine orario pomeridiano, \u00e8 possibile usufruire del servizio di post-scuola o partecipare ai laboratori extra, quali judo (Associazione <strong><a href=\"https:\/\/www.instagram.com\/kumiai.mayhem\/\">Kumiai Mayhem<\/a><\/strong>), Alwats on the Move (<strong><a href=\"https:\/\/www.facebook.com\/Rotolando-ssd-Giocomotricita-105583347520820\/\">Associazione Rotolando<\/a><\/strong>) e Arte e Manualit\u00e0 con le maestre di <strong><a href=\"https:\/\/www.facebook.com\/associartu\">Associazione Art\u00f9<\/a><\/strong><a href=\"https:\/\/istitutoconfucio.torino.it\/\">.<\/a><\/p>\n<p>Ci piace fare festa: la castagnata o la vendemmia in cortile, la raccolta delle foglie nel parco, l\u2019accoglienza di Babbo Natale, la festa del GRAZIE e quella CIAO a fine anno!<\/p>\n<p>Il nostro PROGETTO DIDATTICO, come vedete!, va di pari passo con il PROGETTO FORMATIVO che attua il SISTEMA PREVENTIVO di DON BOSCO: ragione, religione e amorevolezza\u2026e tanta tanta allegria.<\/p>\n<p>Per iscriversi alla nostra sezione con potenziamento di lingua inglese bisogna prenotarsi per un colloquio conoscitivo-motivazionale con la Coordinatrice Prof. Perron Cabus G. Laura, scrivendo una mail alla segreteria (<a href=\"segreteria.infanzia@mauxtorino.com\">segreteria.infanzia@mauxtorino.com<\/a>) o direttamente alla coordinatrice (<a href=\"mailto:coord.infprim@mauxtorion.com\">coord.infprim@mauxtorion.com<\/a>). A fine colloquio verr\u00e0 consegnata la domanda di iscrizione che permetter\u00e0 di fermare il posto (fino ad esaurimento degli stessi).<\/p>\n","protected":false},"excerpt":{"rendered":"<p>Il percorso internazionale si chiama SMILE: \u00e8 la nostra sezione con potenziamento di lingua inglese. Accanto alle maestre di sezione, &hellip;<\/p>\n","protected":false},"author":1,"featured_media":0,"parent":803,"menu_order":2,"comment_status":"closed","ping_status":"closed","template":"","meta":{"vkexunit_cta_each_option":"","footnotes":""},"class_list":["post-812","page","type-page","status-publish","hentry"],"_links":{"self":[{"href":"https:\/\/istitutomariausiliatrice.it\/infanzia\/wp-json\/wp\/v2\/pages\/812","targetHints":{"allow":["GET"]}}],"collection":[{"href":"https:\/\/istitutomariausiliatrice.it\/infanzia\/wp-json\/wp\/v2\/pages"}],"about":[{"href":"https:\/\/istitutomariausiliatrice.it\/infanzia\/wp-json\/wp\/v2\/types\/page"}],"author":[{"embeddable":true,"href":"https:\/\/istitutomariausiliatrice.it\/infanzia\/wp-json\/wp\/v2\/users\/1"}],"replies":[{"embeddable":true,"href":"https:\/\/istitutomariausiliatrice.it\/infanzia\/wp-json\/wp\/v2\/comments?post=812"}],"version-history":[{"count":16,"href":"https:\/\/istitutomariausiliatrice.it\/infanzia\/wp-json\/wp\/v2\/pages\/812\/revisions"}],"predecessor-version":[{"id":2466,"href":"https:\/\/istitutomariausiliatrice.it\/infanzia\/wp-json\/wp\/v2\/pages\/812\/revisions\/2466"}],"up":[{"embeddable":true,"href":"https:\/\/istitutomariausiliatrice.it\/infanzia\/wp-json\/wp\/v2\/pages\/803"}],"wp:attachment":[{"href":"https:\/\/istitutomariausiliatrice.it\/infanzia\/wp-json\/wp\/v2\/media?parent=812"}],"curies":[{"name":"wp","href":"https:\/\/api.w.org\/{rel}","templated":true}]}}