{"id":2,"date":"2013-10-30T00:14:56","date_gmt":"2013-10-29T23:14:56","guid":{"rendered":"http:\/\/www.istitutomariausiliatrice.it\/lean\/?page_id=2"},"modified":"2020-12-12T09:37:18","modified_gmt":"2020-12-12T08:37:18","slug":"leancose","status":"publish","type":"page","link":"https:\/\/istitutomariausiliatrice.it\/lean\/leancose\/","title":{"rendered":"Cos&#8217;\u00e8 la LEAN ORGANIZATION?"},"content":{"rendered":"<p>Abbiamo trovato sul sito di &#8220;<a href=\"http:\/\/www.leannovator.com\/\" target=\"_blank\" rel=\"noopener\">Leannovator<\/a>&#8221; una definizione appropriata del LEAN organization.<\/p>\n<blockquote><p><em>Lean dall&#8217;aggettivo inglese &#8220;snello&#8221; &#8211; \u00e8 un termine al giorno d&#8217;oggi sempre pi\u00f9 diffuso in qualsiasi settore (dalla fabbrica all&#8217;ufficio, dall&#8217;industria ai servizi, dal pubblico al privato) e contesto dal laboratorio all&#8217;agenzia, fino alla sala operatoria di un ospedale).<\/em><\/p>\n<p><em>Si tratta di un metodo organizzativo e lavorativo che mira a sviluppare dei processi &#8220;snelli&#8221;, cio\u00e8 svuotati di ogni spreco e pieni di valore nella loro essenzialit\u00e0. Il Lean non \u00e8 solo un metodo, una &#8220;forma mentis&#8221;, \u00e8 una &#8220;filosofia del fare&#8221; orientata al miglioramento continuo, ed \u00e8 universale e trasversale, applicabile a qualsiasi processo operativo. Questo approccio \u00e8 quanto mai appropriato nel mondo di oggi, che pu\u00f2 vivere solo attraverso un&#8217;economia sostenibile: non c&#8217;\u00e8 pi\u00f9 margine per sprecare, occorre fare sempre meglio con le risorse pi\u00f9 scarse che si hanno.<\/em><\/p>\n<p><em>La metodologia Lean deriva dall&#8217;industria automobilistica giapponese degli anni &#8217;50 (Toyota) che con TPS (Toyota Production System) ne ha definito i principi. La rivoluzione sostanziale di questo approccio sta nel coinvolgere le persone in un circolo virtuoso di miglioramento continuo, in cui ogni fase del processo \u00e8 focalizzata sul valore percepito dal cliente, anzich\u00e9 sulle tradizionali logiche della produzione di massa.<\/em><\/p>\n<p><em>Il LEAN parte dalla constatazione, quanto mai reale, che la maggior parte delle attivit\u00e0 di un processo sono sprechi. Sprechi di tempo, di energia, di risorse (si stima addirittura il 95%, tra sprechi veri e propri ed attivit\u00e0 a non valore aggiunto). Quindi, prima ancora che cercare innovazioni tecnologiche, per migliorare \u00e8 opportuno fermarsi innanzi tutto ad analizzare i propri processi, individuare e rimuovere gli sprechi \u00e8 mantenere solo quello che \u00e8 essenziale, cio\u00e8 il valore. Ci\u00f2 che offre il Lean porta a chi lo applica sistematicamente enormi benefici in termini di aumento della produttivit\u00e0, riduzione dei costi, aumento delle qualit\u00e0 e miglioramento del servizio.<\/em><\/p>\n<p><em>Ad oggi le maggiori realt\u00e0 produttive, sia automobilistiche che di altri settori, adottano con successo i principi Lean, grazie ai quali ahnno raggiunto livelli di eccellenza, In Italia, ad esempio, Fiat Auto implementa la metodologia in maniera strutturata in tutti i propri stabilimenti, e sostiene che questa \u00e8 l&#8217;unica via per generare degli utili dagli impianti produttivi. Nel mondo, tra le aziende Lean si annoverano nomi come Boing, Nike, Porsche, Dell, Whirpool, General Eletric e moltissime altre.<\/em><\/p><\/blockquote>\n","protected":false},"excerpt":{"rendered":"<p>Abbiamo trovato sul sito di &#8220;Leannovator&#8221; una definizione appropriata del LEAN organization. Lean dall&#8217;aggettivo inglese &#8220;snello&#8221; &#8211; \u00e8 un termine al giorno d&#8217;oggi sempre pi\u00f9 diffuso in qualsiasi settore (dalla fabbrica all&#8217;ufficio, dall&#8217;industria ai servizi, dal pubblico al privato) e contesto dal laboratorio all&#8217;agenzia, fino alla sala operatoria di un ospedale). Si tratta di un [&hellip;]<\/p>\n","protected":false},"author":23,"featured_media":260,"parent":0,"menu_order":0,"comment_status":"closed","ping_status":"closed","template":"","meta":{"site-sidebar-layout":"default","site-content-layout":"default","ast-site-content-layout":"default","site-content-style":"default","site-sidebar-style":"default","ast-global-header-display":"","ast-banner-title-visibility":"","ast-main-header-display":"","ast-hfb-above-header-display":"","ast-hfb-below-header-display":"","ast-hfb-mobile-header-display":"","site-post-title":"","ast-breadcrumbs-content":"","ast-featured-img":"","footer-sml-layout":"","ast-disable-related-posts":"","theme-transparent-header-meta":"default","adv-header-id-meta":"","stick-header-meta":"","header-above-stick-meta":"","header-main-stick-meta":"","header-below-stick-meta":"","astra-migrate-meta-layouts":"default","ast-page-background-enabled":"default","ast-page-background-meta":{"desktop":{"background-color":"","background-image":"","background-repeat":"repeat","background-position":"center center","background-size":"auto","background-attachment":"scroll","background-type":"","background-media":"","overlay-type":"","overlay-color":"","overlay-opacity":"","overlay-gradient":""},"tablet":{"background-color":"","background-image":"","background-repeat":"repeat","background-position":"center center","background-size":"auto","background-attachment":"scroll","background-type":"","background-media":"","overlay-type":"","overlay-color":"","overlay-opacity":"","overlay-gradient":""},"mobile":{"background-color":"","background-image":"","background-repeat":"repeat","background-position":"center center","background-size":"auto","background-attachment":"scroll","background-type":"","background-media":"","overlay-type":"","overlay-color":"","overlay-opacity":"","overlay-gradient":""}},"ast-content-background-meta":{"desktop":{"background-color":"var(--ast-global-color-5)","background-image":"","background-repeat":"repeat","background-position":"center center","background-size":"auto","background-attachment":"scroll","background-type":"","background-media":"","overlay-type":"","overlay-color":"","overlay-opacity":"","overlay-gradient":""},"tablet":{"background-color":"var(--ast-global-color-5)","background-image":"","background-repeat":"repeat","background-position":"center center","background-size":"auto","background-attachment":"scroll","background-type":"","background-media":"","overlay-type":"","overlay-color":"","overlay-opacity":"","overlay-gradient":""},"mobile":{"background-color":"var(--ast-global-color-5)","background-image":"","background-repeat":"repeat","background-position":"center center","background-size":"auto","background-attachment":"scroll","background-type":"","background-media":"","overlay-type":"","overlay-color":"","overlay-opacity":"","overlay-gradient":""}},"vkexunit_cta_each_option":"","footnotes":""},"class_list":["post-2","page","type-page","status-publish","has-post-thumbnail","hentry"],"_links":{"self":[{"href":"https:\/\/istitutomariausiliatrice.it\/lean\/wp-json\/wp\/v2\/pages\/2","targetHints":{"allow":["GET"]}}],"collection":[{"href":"https:\/\/istitutomariausiliatrice.it\/lean\/wp-json\/wp\/v2\/pages"}],"about":[{"href":"https:\/\/istitutomariausiliatrice.it\/lean\/wp-json\/wp\/v2\/types\/page"}],"author":[{"embeddable":true,"href":"https:\/\/istitutomariausiliatrice.it\/lean\/wp-json\/wp\/v2\/users\/23"}],"replies":[{"embeddable":true,"href":"https:\/\/istitutomariausiliatrice.it\/lean\/wp-json\/wp\/v2\/comments?post=2"}],"version-history":[{"count":9,"href":"https:\/\/istitutomariausiliatrice.it\/lean\/wp-json\/wp\/v2\/pages\/2\/revisions"}],"predecessor-version":[{"id":406,"href":"https:\/\/istitutomariausiliatrice.it\/lean\/wp-json\/wp\/v2\/pages\/2\/revisions\/406"}],"wp:featuredmedia":[{"embeddable":true,"href":"https:\/\/istitutomariausiliatrice.it\/lean\/wp-json\/wp\/v2\/media\/260"}],"wp:attachment":[{"href":"https:\/\/istitutomariausiliatrice.it\/lean\/wp-json\/wp\/v2\/media?parent=2"}],"curies":[{"name":"wp","href":"https:\/\/api.w.org\/{rel}","templated":true}]}}