{"id":27,"date":"2013-11-03T23:53:17","date_gmt":"2013-11-03T22:53:17","guid":{"rendered":"http:\/\/www.istitutomariausiliatrice.it\/lean\/?page_id=27"},"modified":"2020-12-12T09:39:53","modified_gmt":"2020-12-12T08:39:53","slug":"i-docenti-a-scuola-di-lean","status":"publish","type":"page","link":"https:\/\/istitutomariausiliatrice.it\/lean\/i-docenti-a-scuola-di-lean\/","title":{"rendered":"I docenti a scuola di LEAN"},"content":{"rendered":"<p><img loading=\"lazy\" decoding=\"async\" class=\"size-medium wp-image-28 alignleft\" alt=\"pillolean2\" src=\"https:\/\/istitutomariausiliatrice.it\/lean\/files\/pillolean2-225x300.jpg\" width=\"225\" height=\"300\" srcset=\"https:\/\/istitutomariausiliatrice.it\/lean\/files\/pillolean2-225x300.jpg 225w, https:\/\/istitutomariausiliatrice.it\/lean\/files\/pillolean2.jpg 600w\" sizes=\"auto, (max-width: 225px) 100vw, 225px\" \/>Marted\u00ec 29 settembre il prof. Riva di diritto ed economia, insieme al Preside prof. Buzio Filippo, ha partecipato al primo di una serie di incontri sulla LEAN organization, relativo al Toyota Kata. Anche la prof.ssa Vasta di inglese lo scorso anno aveva iniziato a seguire un percorso analogo sull&#8217;innovativo metodo organizzativo della casa automobilistica giapponese.<\/p>\n<p>&#8220;Il motivo del mio interesse&#8221;, ha commentato il preside, &#8220;verso la Lean Organization, \u00e8 dovuto al fatto che \u00e8 possibile applicarla anche nella gestione della scuola. Ovviamente c&#8217;\u00e8 bisogno di adattarla al nostro mondo, cos\u00ec diverso da quello dell&#8217;industria manifatturiera. Mi piacerebbe definire un Don Bosco kata&#8221;.<\/p>\n<p>Nella foto il prof.Riva alle prese con un esercizio di simulazione del kata del miglioramento.<\/p>\n","protected":false},"excerpt":{"rendered":"<p>Marted\u00ec 29 settembre il prof. Riva di diritto ed economia, insieme al Preside prof. Buzio Filippo, ha partecipato al primo di una serie di incontri sulla LEAN organization, relativo al Toyota Kata. Anche la prof.ssa Vasta di inglese lo scorso anno aveva iniziato a seguire un percorso analogo sull&#8217;innovativo metodo organizzativo della casa automobilistica giapponese. [&hellip;]<\/p>\n","protected":false},"author":23,"featured_media":0,"parent":0,"menu_order":0,"comment_status":"closed","ping_status":"closed","template":"","meta":{"site-sidebar-layout":"default","site-content-layout":"","ast-site-content-layout":"default","site-content-style":"default","site-sidebar-style":"default","ast-global-header-display":"","ast-banner-title-visibility":"","ast-main-header-display":"","ast-hfb-above-header-display":"","ast-hfb-below-header-display":"","ast-hfb-mobile-header-display":"","site-post-title":"","ast-breadcrumbs-content":"","ast-featured-img":"","footer-sml-layout":"","ast-disable-related-posts":"","theme-transparent-header-meta":"","adv-header-id-meta":"","stick-header-meta":"","header-above-stick-meta":"","header-main-stick-meta":"","header-below-stick-meta":"","astra-migrate-meta-layouts":"default","ast-page-background-enabled":"default","ast-page-background-meta":{"desktop":{"background-color":"","background-image":"","background-repeat":"repeat","background-position":"center center","background-size":"auto","background-attachment":"scroll","background-type":"","background-media":"","overlay-type":"","overlay-color":"","overlay-opacity":"","overlay-gradient":""},"tablet":{"background-color":"","background-image":"","background-repeat":"repeat","background-position":"center center","background-size":"auto","background-attachment":"scroll","background-type":"","background-media":"","overlay-type":"","overlay-color":"","overlay-opacity":"","overlay-gradient":""},"mobile":{"background-color":"","background-image":"","background-repeat":"repeat","background-position":"center center","background-size":"auto","background-attachment":"scroll","background-type":"","background-media":"","overlay-type":"","overlay-color":"","overlay-opacity":"","overlay-gradient":""}},"ast-content-background-meta":{"desktop":{"background-color":"var(--ast-global-color-5)","background-image":"","background-repeat":"repeat","background-position":"center center","background-size":"auto","background-attachment":"scroll","background-type":"","background-media":"","overlay-type":"","overlay-color":"","overlay-opacity":"","overlay-gradient":""},"tablet":{"background-color":"var(--ast-global-color-5)","background-image":"","background-repeat":"repeat","background-position":"center center","background-size":"auto","background-attachment":"scroll","background-type":"","background-media":"","overlay-type":"","overlay-color":"","overlay-opacity":"","overlay-gradient":""},"mobile":{"background-color":"var(--ast-global-color-5)","background-image":"","background-repeat":"repeat","background-position":"center center","background-size":"auto","background-attachment":"scroll","background-type":"","background-media":"","overlay-type":"","overlay-color":"","overlay-opacity":"","overlay-gradient":""}},"vkexunit_cta_each_option":"","footnotes":""},"class_list":["post-27","page","type-page","status-publish","hentry"],"_links":{"self":[{"href":"https:\/\/istitutomariausiliatrice.it\/lean\/wp-json\/wp\/v2\/pages\/27","targetHints":{"allow":["GET"]}}],"collection":[{"href":"https:\/\/istitutomariausiliatrice.it\/lean\/wp-json\/wp\/v2\/pages"}],"about":[{"href":"https:\/\/istitutomariausiliatrice.it\/lean\/wp-json\/wp\/v2\/types\/page"}],"author":[{"embeddable":true,"href":"https:\/\/istitutomariausiliatrice.it\/lean\/wp-json\/wp\/v2\/users\/23"}],"replies":[{"embeddable":true,"href":"https:\/\/istitutomariausiliatrice.it\/lean\/wp-json\/wp\/v2\/comments?post=27"}],"version-history":[{"count":1,"href":"https:\/\/istitutomariausiliatrice.it\/lean\/wp-json\/wp\/v2\/pages\/27\/revisions"}],"predecessor-version":[{"id":29,"href":"https:\/\/istitutomariausiliatrice.it\/lean\/wp-json\/wp\/v2\/pages\/27\/revisions\/29"}],"wp:attachment":[{"href":"https:\/\/istitutomariausiliatrice.it\/lean\/wp-json\/wp\/v2\/media?parent=27"}],"curies":[{"name":"wp","href":"https:\/\/api.w.org\/{rel}","templated":true}]}}