{"id":841,"date":"2013-09-27T01:01:26","date_gmt":"2013-09-26T23:01:26","guid":{"rendered":"http:\/\/www.istitutomariausiliatrice.it\/liceo\/?page_id=841"},"modified":"2020-12-19T16:24:45","modified_gmt":"2020-12-19T15:24:45","slug":"les-liceo-economico-sociale","status":"publish","type":"page","link":"https:\/\/istitutomariausiliatrice.it\/liceo\/les-liceo-economico-sociale\/","title":{"rendered":"LES &#8211; Liceo Economico Sociale"},"content":{"rendered":"<div id=\"attachment_992\" style=\"width: 310px\" class=\"wp-caption alignleft\"><a href=\"https:\/\/istitutomariausiliatrice.it\/liceo\/files\/IMG_6969.jpg\"><img loading=\"lazy\" decoding=\"async\" aria-describedby=\"caption-attachment-992\" class=\"size-medium wp-image-992 \" src=\"https:\/\/istitutomariausiliatrice.it\/liceo\/files\/IMG_6969-300x199.jpg\" alt=\"IMG_6969\" width=\"300\" height=\"199\" srcset=\"https:\/\/istitutomariausiliatrice.it\/liceo\/files\/IMG_6969-300x199.jpg 300w, https:\/\/istitutomariausiliatrice.it\/liceo\/files\/IMG_6969-700x466.jpg 700w, https:\/\/istitutomariausiliatrice.it\/liceo\/files\/IMG_6969.jpg 800w\" sizes=\"auto, (max-width: 300px) 100vw, 300px\" \/><\/a><p id=\"caption-attachment-992\" class=\"wp-caption-text\">I ragazzi della 4A in laboratorio di informatica<\/p><\/div>\n<p>Il liceo delle scienze umane opzione economico e sociale sta sempre pi\u00f9 prendendo una propria connotazione, che si vuole in parte staccare da quella del percorso tradizionale delle scienze umane. Il nuovo liceo economico-sociale rappresenta una nuova possibilit\u00e0 per l\u2019orientamento degli studenti all\u2019uscita dalla secondaria di primo grado.<\/p>\n<p>L\u2019opzione economico-sociale consente di acquisire strumenti culturali <strong>per affrontare in profondit\u00e0 questioni attuali<\/strong> &#8211; dalle risorse disponibili alle regole giuridiche della convivenza sociale, dal benessere individuale e collettivo alla responsabilit\u00e0 delle scelte da compiere &#8211; attraverso il concorso di pi\u00f9 materie di studio, tutte interessanti per uno studente di oggi, ma tanto pi\u00f9 significative perch\u00e9 chiamate a collaborare tra loro. Per <strong>capire la complessit\u00e0 del presente<\/strong>, a partire da un\u2019approfondita conoscenza delle radici storiche dei fenomeni, e per<strong> proiettarsi con altrettanto interesse e consapevolezza verso il futuro<\/strong>, servono infatti i contenuti, gli strumenti e i metodi di discipline diverse: nel caso del liceo economico-sociale, sono le<strong> discipline economiche e giuridiche, linguistiche e sociali, scientifiche ed umanistiche<\/strong>, <strong>TUTTE UGUALMENTE IMPORTANTI<\/strong> per fornire una preparazione liceale aggiornata e spendibile in pi\u00f9 direzioni.<\/p>\n<p>\u00a0<\/p>\n<p>Il LES \u00e8 l\u2019unico liceo non linguistico dove si studiano <strong>due lingue straniere<\/strong>, dove le scienze economiche e sociologiche si avvalgono delle scienze matematiche, statistiche e umane (<strong>psicologia, sociologia, antropologia, metodologia della ricerca<\/strong>) per l\u2019analisi e l\u2019interpretazione dei fenomeni economici e sociali, dove l\u2019approccio umanistico mette la persona al centro dell\u2019economia, e dove si studiano interdipendenze e legami tra la dimensione internazionale, nazionale, locale ed europea, tra istituzioni politiche, cultura, economia e societ\u00e0. Ci\u00f2 che distingue l\u2019identit\u00e0 del liceo economico-sociale da quella degli altri licei, ma anche dall\u2019istruzione tecnica economica, \u00e8 l\u2019integrazione di discipline complementari e lo sguardo rivolto alla contemporaneit\u00e0, insieme all\u2019interesse per la ricerca. Ed \u00e8 ci\u00f2 che d\u2019altra parte lo avvicina alle scienze contemporanee, le cui scoperte sempre di pi\u00f9 avvengono all\u2019intersezione tra ambiti culturali diversi (dal sito<a href=\"http:\/\/www.liceoeconomicosociale.it\" target=\"_blank\" rel=\"noopener noreferrer\">\u00a0www.liceoeconomicosociale.it<\/a>, sottolineature nostre).<\/p>\n<h3>COSA CI DISTINGUE DAGLI ALTRI<\/h3>\n<ul>\n<li><strong>L&#8217;INTERNAZIONALITA&#8217;<\/strong> &#8211; L&#8217;introduzione del Lettore Madrelingua INGLESE ( 1 ora a settimana)<\/li>\n<li>L&#8217;INTRODUZIONE DELL&#8217;INNOVATIVA MATERIA <strong>LE@RN.IT!<\/strong> relativa all&#8217;area di progetto\u00a0(1 ora a settimana per tutto il quinquennio) &#8211; basata sull&#8217;informatica, come supporto ai progetti interdisciplinari<\/li>\n<li>IL PRIMO (dal 2013, anno di creazione della rete) LICEO DI TORINO ad essere entrato nella <strong>RETE &#8220;LEAN ORGANIZATION&#8221;<\/strong> (in collaborazione con l&#8217;Unione Industriale di Torino e la Camera di Commercio). Attraverso un corso qualificato\u00a0 i nostri allievi possono ottenere la certificazione LEAN (clicca qui per accedere al <a href=\"https:\/\/istitutomariausiliatrice.it\/lean\/\" target=\"_blank\" rel=\"noopener noreferrer\">sito dedicato<\/a>)<\/li>\n<\/ul>\n<h3>PIANO DI STUDI<\/h3>\n<table>\n<tbody>\n<tr>\n<th rowspan=\"3\" scope=\"row\" width=\"380\">Attivit\u00e0 e insegnamenti obbligatori per tutti gli studenti<\/th>\n<th colspan=\"2\" scope=\"row\" width=\"113\">1\u00b0 BIENNIO<\/th>\n<th colspan=\"2\" scope=\"row\" width=\"113\">2\u00b0 BIENNIO<\/th>\n<th rowspan=\"2\" scope=\"row\" width=\"81\">5\u00b0<br \/>ANNO<\/th>\n<\/tr>\n<tr>\n<th scope=\"row\" width=\"56\">1\u00b0<br \/>ANNO<\/th>\n<th scope=\"row\" width=\"56\">2\u00b0<br \/>ANNO<\/th>\n<th scope=\"row\" width=\"56\">3\u00b0<br \/>ANNO<\/th>\n<th scope=\"row\" width=\"56\">4\u00b0<br \/>ANNO<\/th>\n<\/tr>\n<tr>\n<th colspan=\"5\" width=\"306\">Orario settimanale<\/th>\n<\/tr>\n<tr>\n<th scope=\"col\" width=\"380\">Lingua e letteratura italiana<\/th>\n<td scope=\"col\" width=\"56\">4<\/td>\n<td scope=\"col\" width=\"56\">4<\/td>\n<td scope=\"col\" width=\"56\">4<\/td>\n<td scope=\"col\" width=\"56\">4<\/td>\n<td scope=\"col\" width=\"81\">4<\/td>\n<\/tr>\n<tr>\n<th scope=\"col\" width=\"380\">LS Inglese<\/th>\n<td scope=\"col\" width=\"56\">3<\/td>\n<td scope=\"col\" width=\"56\">3<\/td>\n<td scope=\"col\" width=\"56\">3<\/td>\n<td scope=\"col\" width=\"56\">3<\/td>\n<td scope=\"col\" width=\"81\">3<\/td>\n<\/tr>\n<tr>\n<th scope=\"col\" width=\"380\">Lettorato Inglese (insegnante madrelingua)<\/th>\n<td scope=\"col\" width=\"56\"><span style=\"color: #ff0000;\">1<\/span><\/td>\n<td scope=\"col\" width=\"56\"><span style=\"color: #ff0000;\">1<\/span><\/td>\n<td scope=\"col\" width=\"56\"><span style=\"color: #ff0000;\">1<\/span><\/td>\n<td scope=\"col\" width=\"56\"><span style=\"color: #ff0000;\">1<\/span><\/td>\n<td scope=\"col\" width=\"81\"><span style=\"color: #ff0000;\">1<\/span><\/td>\n<\/tr>\n<tr>\n<th width=\"380\">Lingua Spagnola<\/th>\n<td width=\"56\">3<\/td>\n<td width=\"56\">3<\/td>\n<td width=\"56\">3<\/td>\n<td width=\"56\">3<\/td>\n<td width=\"81\">3<\/td>\n<\/tr>\n<tr>\n<th scope=\"col\" width=\"380\">Storia e Geografia<\/th>\n<td width=\"56\">2+1<\/td>\n<td width=\"56\">2+1<\/td>\n<td width=\"56\">\u00a0<\/td>\n<td width=\"56\">\u00a0<\/td>\n<td width=\"81\">\u00a0<\/td>\n<\/tr>\n<tr>\n<th scope=\"col\" width=\"380\">Storia<\/th>\n<td width=\"56\">\u00a0<\/td>\n<td width=\"56\">\u00a0<\/td>\n<td width=\"56\">2<\/td>\n<td width=\"56\">2<\/td>\n<td width=\"81\">2<\/td>\n<\/tr>\n<tr>\n<th scope=\"col\" width=\"380\">Filosofia<\/th>\n<td width=\"56\">\u00a0<\/td>\n<td width=\"56\">\u00a0<\/td>\n<td width=\"56\">2<\/td>\n<td width=\"56\">2<\/td>\n<td width=\"81\">2<\/td>\n<\/tr>\n<tr>\n<th scope=\"col\" width=\"380\">Scienze umane*<\/th>\n<td width=\"56\">3<\/td>\n<td width=\"56\">3<\/td>\n<td width=\"56\">3<\/td>\n<td width=\"56\">3<\/td>\n<td width=\"81\">3<\/td>\n<\/tr>\n<tr>\n<th scope=\"col\" width=\"380\">Diritto ed economia<\/th>\n<td width=\"56\">3<\/td>\n<td width=\"56\">3<\/td>\n<td width=\"56\">3<\/td>\n<td width=\"56\">3<\/td>\n<td width=\"81\">3<\/td>\n<\/tr>\n<tr>\n<th scope=\"col\" width=\"380\">Matematica<\/th>\n<td width=\"56\">3<\/td>\n<td width=\"56\">3<\/td>\n<td width=\"56\">3<\/td>\n<td width=\"56\">3<\/td>\n<td width=\"81\">3<\/td>\n<\/tr>\n<tr>\n<th scope=\"col\" width=\"380\">Fisica<\/th>\n<td width=\"56\">\u00a0<\/td>\n<td width=\"56\">\u00a0<\/td>\n<td width=\"56\">2<\/td>\n<td width=\"56\">2<\/td>\n<td width=\"81\">2<\/td>\n<\/tr>\n<tr>\n<th scope=\"col\" width=\"380\">Scienze naturali**<\/th>\n<td width=\"56\">2<\/td>\n<td width=\"56\">2<\/td>\n<td width=\"56\">\u00a0<\/td>\n<td width=\"56\">\u00a0<\/td>\n<td width=\"81\">\u00a0<\/td>\n<\/tr>\n<tr>\n<th scope=\"col\" width=\"380\">Storia dell\u2019arte<\/th>\n<td width=\"56\">\u00a0<\/td>\n<td width=\"56\">\u00a0<\/td>\n<td width=\"56\">2<\/td>\n<td width=\"56\">2<\/td>\n<td width=\"81\">2<\/td>\n<\/tr>\n<tr>\n<th scope=\"col\" width=\"380\">Scienze motorie e sportive<\/th>\n<td width=\"56\">2<\/td>\n<td width=\"56\">2<\/td>\n<td width=\"56\">2<\/td>\n<td width=\"56\">2<\/td>\n<td width=\"81\">2<\/td>\n<\/tr>\n<tr>\n<th scope=\"col\" width=\"380\">Religione cattolica e coordinamento<\/th>\n<td width=\"56\">2<\/td>\n<td width=\"56\">2<\/td>\n<td width=\"56\">2<\/td>\n<td width=\"56\">2<\/td>\n<td width=\"81\">2<\/td>\n<\/tr>\n<tr>\n<th scope=\"col\" width=\"380\">infom@te_hub!<\/th>\n<td width=\"56\"><span style=\"color: #ff0000;\">1<\/span><\/td>\n<td width=\"56\"><span style=\"color: #ff0000;\">1<\/span><\/td>\n<td width=\"56\"><span style=\"color: #ff0000;\">2***<\/span><\/td>\n<td width=\"56\"><span style=\"color: #ff0000;\">2***<\/span><\/td>\n<td width=\"81\"><span style=\"color: #ff0000;\">2***<\/span><\/td>\n<\/tr>\n<\/tbody>\n<\/table>\n<p>*Antropologia, Pedagogia, Psicologia e Sociologia<br \/>**Biologia, Chimica, Scienze della Terra<br \/>*** Un&#8217;ora \u00e8 in compresenza dell&#8217;insegnante di matematica con quello di informatica<\/p>\n<p>In rosso sono indicate sostanzialmente le novit\u00e0 rispetto all&#8217;indirizzo di studio ministeriale: l&#8217;ora di lettorato in inglese (che qualifica il percorso internazionale) e le ore di infom@te_hub!.<\/p>\n\n\n<figure class=\"wp-block-embed aligncenter is-type-video is-provider-youtube wp-block-embed-youtube wp-embed-aspect-16-9 wp-has-aspect-ratio\"><div class=\"wp-block-embed__wrapper\">\n<iframe loading=\"lazy\" title=\"Il Mondo del LES - Liceo Economico Sociale\" width=\"1140\" height=\"641\" src=\"https:\/\/www.youtube.com\/embed\/tGhtp-iF_4I?feature=oembed\" frameborder=\"0\" allow=\"accelerometer; autoplay; clipboard-write; encrypted-media; gyroscope; picture-in-picture; web-share\" referrerpolicy=\"strict-origin-when-cross-origin\" allowfullscreen><\/iframe>\n<\/div><\/figure>\n","protected":false},"excerpt":{"rendered":"<p>Il liceo delle scienze umane opzione economico e sociale sta sempre pi\u00f9 prendendo una propria connotazione, che si vuole in parte staccare da quella del percorso tradizionale delle scienze umane. Il nuovo liceo economico-sociale rappresenta una nuova possibilit\u00e0 per l\u2019orientamento degli studenti all\u2019uscita dalla secondaria di primo grado. L\u2019opzione economico-sociale consente di acquisire strumenti culturali [&hellip;]<\/p>\n","protected":false},"author":4,"featured_media":0,"parent":0,"menu_order":0,"comment_status":"open","ping_status":"closed","template":"","meta":{"sns_share_botton_hide":"true","vkExUnit_sns_title":"","_vk_print_noindex":"","sitemap_hide":"","vkExUnit_sitemap":"","_veu_custom_css":"","veu_display_promotion_alert":"","_exclude_from_list_pages":"","vkexunit_cta_each_option":"","vkExUnit_childPageIndex":"","vkExUnit_pageList_ancestor":"","vkExUnit_contact_enable":"","_lightning_design_setting":{"layout":"default"},"footnotes":""},"class_list":["post-841","page","type-page","status-publish","hentry"],"veu_head_title_object":{"title":"","add_site_title":""},"_links":{"self":[{"href":"https:\/\/istitutomariausiliatrice.it\/liceo\/wp-json\/wp\/v2\/pages\/841","targetHints":{"allow":["GET"]}}],"collection":[{"href":"https:\/\/istitutomariausiliatrice.it\/liceo\/wp-json\/wp\/v2\/pages"}],"about":[{"href":"https:\/\/istitutomariausiliatrice.it\/liceo\/wp-json\/wp\/v2\/types\/page"}],"author":[{"embeddable":true,"href":"https:\/\/istitutomariausiliatrice.it\/liceo\/wp-json\/wp\/v2\/users\/4"}],"replies":[{"embeddable":true,"href":"https:\/\/istitutomariausiliatrice.it\/liceo\/wp-json\/wp\/v2\/comments?post=841"}],"version-history":[{"count":22,"href":"https:\/\/istitutomariausiliatrice.it\/liceo\/wp-json\/wp\/v2\/pages\/841\/revisions"}],"predecessor-version":[{"id":3195,"href":"https:\/\/istitutomariausiliatrice.it\/liceo\/wp-json\/wp\/v2\/pages\/841\/revisions\/3195"}],"wp:attachment":[{"href":"https:\/\/istitutomariausiliatrice.it\/liceo\/wp-json\/wp\/v2\/media?parent=841"}],"curies":[{"name":"wp","href":"https:\/\/api.w.org\/{rel}","templated":true}]}}