{"id":1175,"date":"2013-03-21T08:55:53","date_gmt":"2013-03-21T07:55:53","guid":{"rendered":"http:\/\/www.istitutomariausiliatrice.it\/primaria\/?page_id=1175"},"modified":"2024-10-09T15:39:48","modified_gmt":"2024-10-09T13:39:48","slug":"laboratori-2","status":"publish","type":"page","link":"https:\/\/istitutomariausiliatrice.it\/primaria\/laboratori-2\/","title":{"rendered":"LABORATORI"},"content":{"rendered":"<p>Le <em>attivit\u00e0 extra-scolastiche<\/em> vengono attivate ogni anno sulla base dell&#8217;ampliamento dell&#8217;offerta formativa e con il raggiungimento del numero minimo di iscrizioni. Sono svolte oltre l&#8217;orario scolastico. Alle ore 16.00 i bambini iscritti alle attivit\u00e0 pomeridiane rimangono presso i locali della scuola (non vi \u00e8 necessit\u00e0 di venirli a prendere e riportare) e fanno merenda (portata da casa). I docenti dei laboratori extra-curricolari li raccolgono per gruppo di attivit\u00e0 e insieme vanno nell&#8217;aula, in salone o palestra in base all&#8217;attivit\u00e0 prescelta. I laboratori finiscono alle 17.00-17.30. I bambini vengono accompagnati all&#8217;uscita di p.za Maria Ausiliatrice dai docenti dell&#8217;attivit\u00e0 stessa.<\/p>\n<p><a href=\"https:\/\/drive.google.com\/file\/d\/1dZvoLlybwGe-cgWDFoaWtZ1ZBk0DgdYD\/view?usp=sharing\"><strong>Laboratori attivati per l&#8217;AS 24-25<\/strong><\/a><\/p>\n","protected":false},"excerpt":{"rendered":"<p>Le attivit\u00e0 extra-scolastiche vengono attivate ogni anno sulla base dell&#8217;ampliamento dell&#8217;offerta formativa e con il raggiungimento del numero minimo di iscrizioni. Sono svolte oltre l&#8217;orario scolastico. Alle ore 16.00 i bambini iscritti alle attivit\u00e0 pomeridiane rimangono presso i locali della scuola (non vi \u00e8 necessit\u00e0 di venirli a prendere e &hellip;<\/p>\n","protected":false},"author":11,"featured_media":0,"parent":0,"menu_order":3,"comment_status":"closed","ping_status":"closed","template":"","meta":{"vkexunit_cta_each_option":"","footnotes":""},"class_list":["post-1175","page","type-page","status-publish","hentry"],"_links":{"self":[{"href":"https:\/\/istitutomariausiliatrice.it\/primaria\/wp-json\/wp\/v2\/pages\/1175","targetHints":{"allow":["GET"]}}],"collection":[{"href":"https:\/\/istitutomariausiliatrice.it\/primaria\/wp-json\/wp\/v2\/pages"}],"about":[{"href":"https:\/\/istitutomariausiliatrice.it\/primaria\/wp-json\/wp\/v2\/types\/page"}],"author":[{"embeddable":true,"href":"https:\/\/istitutomariausiliatrice.it\/primaria\/wp-json\/wp\/v2\/users\/11"}],"replies":[{"embeddable":true,"href":"https:\/\/istitutomariausiliatrice.it\/primaria\/wp-json\/wp\/v2\/comments?post=1175"}],"version-history":[{"count":11,"href":"https:\/\/istitutomariausiliatrice.it\/primaria\/wp-json\/wp\/v2\/pages\/1175\/revisions"}],"predecessor-version":[{"id":4224,"href":"https:\/\/istitutomariausiliatrice.it\/primaria\/wp-json\/wp\/v2\/pages\/1175\/revisions\/4224"}],"wp:attachment":[{"href":"https:\/\/istitutomariausiliatrice.it\/primaria\/wp-json\/wp\/v2\/media?parent=1175"}],"curies":[{"name":"wp","href":"https:\/\/api.w.org\/{rel}","templated":true}]}}