{"id":1209,"date":"2013-01-15T18:41:51","date_gmt":"2013-01-15T17:41:51","guid":{"rendered":"http:\/\/new.liceoausiliatrice.it\/primaria\/?page_id=61"},"modified":"2025-10-16T19:01:32","modified_gmt":"2025-10-16T17:01:32","slug":"pof-2","status":"publish","type":"page","link":"https:\/\/istitutomariausiliatrice.it\/primaria\/per-conoscerci\/pof-2\/","title":{"rendered":"ACTIONMAUX: pronti, partenza&#8230;VITA!!!"},"content":{"rendered":"<p>Siamo un gruppo di famiglie della scuola che vogliono essere attive sul serio: ecco perch\u00e9 il nome Action Maux! Ci troviamo ogni due mesi circa per raccontare di noi, per stare allegramente insieme, per pregare e cantare, per ridere e per scherzare.<\/p>\r\n<p>Ci piace l&#8217;idea di poter condividere a fondo il progetto e la mission della scuola, tanto da volerla concretizzare nell&#8217;aiuto organizzativo in determinati momenti dell&#8217;anno: castagnata, festa di carnevale, settimana estiva in montagna a Salbertrand, &#8230;<\/p>\r\n<p>Ci piace l&#8217;idea della comunit\u00e0 educante dove ognuno \u00e8 protagonista e porta un pezzetto di s\u00e9 per arricchire chi ha vicino, anche se, ogni volta ci capita di arricchirci noi!<\/p>\r\n<p>Ci piace l&#8217;idea di conoscere e fare esperienza dello stile che vivono i nostri bambini a scuola: lo stile di don Bosco.<\/p>\r\n<p>Ci piace incontrare maestri e suore in veste informale, condividendo insieme una cena o un weekend.<\/p>\r\n<p>Ci piace anche tantissimo ritagliare tempo per noi adulti e sapere che i nostri bambini, mentre noi lavoriamo sodo alla preparazione di eventi e attivit\u00e0 sempre nuove, sono in buone mani perch\u00e9 assistiti da sr Emilia e dagli animatori della scuola.<\/p>\r\n<p>ActionMaux siamo noi qui sotto&#8230;e tanto tanto altro ancora!<\/p>\r\n\r\n<figure class=\"wp-block-image size-full\"><a href=\"https:\/\/istitutomariausiliatrice.it\/primaria\/files\/actionmaux.png\"><img loading=\"lazy\" decoding=\"async\" width=\"636\" height=\"557\" class=\"wp-image-3963\" src=\"https:\/\/istitutomariausiliatrice.it\/primaria\/files\/actionmaux.png\" alt=\"\" srcset=\"https:\/\/istitutomariausiliatrice.it\/primaria\/files\/actionmaux.png 636w, https:\/\/istitutomariausiliatrice.it\/primaria\/files\/actionmaux-300x263.png 300w, https:\/\/istitutomariausiliatrice.it\/primaria\/files\/actionmaux-228x200.png 228w\" sizes=\"auto, (max-width: 636px) 100vw, 636px\" \/><\/a><\/figure>\r\n\r\n\r\n\r\n<p class=\"has-text-align-right\">ActionMaux per noi \u00e8&#8230; &#8220;La gioia di trovarsi, ritrovarsi e condividere tante belle emozioni e buonumore!&#8221; (Marzia e Valter)<\/p>\r\n\r\n\r\n\r\n<p class=\"has-text-align-center\">ActionMaux \u00e8&#8230; &#8220;condivisione, partecipazione, divertimento. ActionMaux per noi \u00e8 Famiglia all&#8217;interno di una grande Famiglia&#8221;<br \/>(Eleonora e Gian Maria)<\/p>\r\n\r\n\r\n\r\n<p>Per noi ActionMaux \u00e8&#8230; &#8220;esperienza di uno spontaneo e gratificante spirito di servizio. \u00c8 pensare, fare, ideare, produrre, giocare, organizzare e pregare, tutti insieme!&#8221; (Martha &amp; Benny)<\/p>\r\n\r\n\r\n\r\n<p class=\"has-text-align-center\">Per noi ActionMaux \u00e8&#8230; &#8220;l&#8217;opportunit\u00e0 per le famiglie di lavorare negli eventi che la scuola propone, e che creeranno memorie affettive nei bambini. Momenti di feste, sport, gioco, campeggio\u2026.&#8221; (Tatiana e Raphael)<\/p>\r\n\r\n\r\n\r\n<p>&#8220;C&#8217;\u00e8 uno spazio nel mondo della scuola che abbiamo scelto per i nostri bambini dove noi famiglie ActionMaux possiamo essere e fare &#8220;servizio x tutta la comunit\u00e0 della scuola&#8221;. \u00c8 un &#8220;servizio&#8221; spontaneo. \u00c8 un esserci e dare &#8220;su misura&#8221;, xch\u00e9 ognuno dona il tempo e le energie e i talenti che pu\u00f2 e vuole condividere. \u00c8 la gioia di fare cose da grandi insieme ai nostri bambini.<br \/>ActionMaux \u00e8 darsi la possibilit\u00e0 di fare una parte del mondo della scuola che abbiamo scelto che non \u00e8 nei programmi ministeriali\u2026 ma ci piace sentire che \u00e8 dei sogni di Don Bosco&#8221; (Maria Paola)<\/p>\r\n\r\n\r\n\r\n<p class=\"has-text-align-center\">ActionMaux \u00e8\u2026&#8221;amicizia, divertimento, creativit\u00e0, riflessione, spiritualit\u00e0\u2026. insomma \u00e8 tanta roba!!! \u2026. come dicono i gggiovani! (Fabio)<\/p>\r\n\r\n\r\n\r\n<p>Per me nuovissima di questa realt\u00e0 ActionMaux \u00e8&#8230;&#8221;L&#8217;opportunit\u00e0 di vivere momenti unici insieme ai nostri figli e alle famiglie che fanno parte della scuola, l&#8217;opportunit\u00e0 di creare dei bellissimi legami, l&#8217;opportunit\u00e0 di fare qualcosa di utile e bello allo stesso tempo! Grazie ActionMaux!&#8221; (Alessia)<\/p>\r\n\r\n\r\n\r\n<p>Per noi ActionMaux \u00e8 scrivere una storia unica e originale di accoglienza, amicizia, di servizio, di allegria, di educazione nello spirito di don Bosco. ActionMaux \u00e8 accendere una stella  per bambini ragazzi adolescenti, adulti, anziani una stella che si unisce a tante altre stelle costruendo la via verso una piena umanit\u00e0. \u00c8 un meraviglioso dono! (Silvia e Anna)<\/p>\r\n\r\n\r\n\r\n<p>Action Maux per me \u00e8&#8230; &#8220;Condivisione, di valori, di impegno, di amicizia, di servizio, per diventare Comunit\u00e0 con la scuola&#8221; (Valentina).<\/p>\r\n\r\n\r\n\r\n<p>Novembre 2023: organizzazione e convivialit\u00e0. Siamo stati al Sermig. Abbiamo visitato l&#8217;arsenale, abbiamo rivissuto il sogno di servizio e restituzione. Abbiamo giocato, abbiamo pregato e siamo stati insieme per un &#8216;intera giornata all&#8217;insegna del motto: <strong>LA BONTA&#8217; E&#8217; DISARMANTE!<\/strong> <a href=\"https:\/\/drive.google.com\/file\/d\/171KVOqeiSMGokIViV7zosK2tsumOJTm4\/view?usp=sharing\" data-type=\"link\" data-id=\"https:\/\/drive.google.com\/file\/d\/171KVOqeiSMGokIViV7zosK2tsumOJTm4\/view?usp=sharing\"> Eccoci qui<\/a>, ancora una volta uniti per inventare nuove attivit\u00e0 per la scuola, con una carica in pi\u00f9, quella della bont\u00e0, che, condivisa, si moltiplica all&#8217;infinito!<\/p>\r\n\r\n\r\n\r\n\r\n\r\n\r\n\r\n<figure class=\"wp-block-image size-large is-resized\"><a href=\"https:\/\/www.istitutomariausiliatrice.it\/primaria\/files\/IMG-20240625-WA0028.jpg\"><img loading=\"lazy\" decoding=\"async\" width=\"1024\" height=\"768\" class=\"wp-image-4132\" style=\"width: 709px;height: auto\" src=\"https:\/\/www.istitutomariausiliatrice.it\/primaria\/files\/IMG-20240625-WA0028-1024x768.jpg\" alt=\"\" srcset=\"https:\/\/istitutomariausiliatrice.it\/primaria\/files\/IMG-20240625-WA0028-1024x768.jpg 1024w, https:\/\/istitutomariausiliatrice.it\/primaria\/files\/IMG-20240625-WA0028-300x225.jpg 300w, https:\/\/istitutomariausiliatrice.it\/primaria\/files\/IMG-20240625-WA0028-768x576.jpg 768w, https:\/\/istitutomariausiliatrice.it\/primaria\/files\/IMG-20240625-WA0028-1536x1152.jpg 1536w, https:\/\/istitutomariausiliatrice.it\/primaria\/files\/IMG-20240625-WA0028-267x200.jpg 267w, https:\/\/istitutomariausiliatrice.it\/primaria\/files\/IMG-20240625-WA0028.jpg 1600w\" sizes=\"auto, (max-width: 1024px) 100vw, 1024px\" \/><\/a><\/figure>\r\n\r\n\r\n\r\n<p>&nbsp;<\/p>\r\n","protected":false},"excerpt":{"rendered":"<p>Siamo un gruppo di famiglie della scuola che vogliono essere attive sul serio: ecco perch\u00e9 il nome Action Maux! Ci troviamo ogni due mesi circa per raccontare di noi, per stare allegramente insieme, per pregare e cantare, per ridere e per scherzare. Ci piace l&#8217;idea di poter condividere a fondo &hellip;<\/p>\n","protected":false},"author":11,"featured_media":3966,"parent":1407,"menu_order":0,"comment_status":"closed","ping_status":"closed","template":"","meta":{"vkexunit_cta_each_option":"","footnotes":""},"class_list":["post-1209","page","type-page","status-publish","has-post-thumbnail","hentry"],"_links":{"self":[{"href":"https:\/\/istitutomariausiliatrice.it\/primaria\/wp-json\/wp\/v2\/pages\/1209","targetHints":{"allow":["GET"]}}],"collection":[{"href":"https:\/\/istitutomariausiliatrice.it\/primaria\/wp-json\/wp\/v2\/pages"}],"about":[{"href":"https:\/\/istitutomariausiliatrice.it\/primaria\/wp-json\/wp\/v2\/types\/page"}],"author":[{"embeddable":true,"href":"https:\/\/istitutomariausiliatrice.it\/primaria\/wp-json\/wp\/v2\/users\/11"}],"replies":[{"embeddable":true,"href":"https:\/\/istitutomariausiliatrice.it\/primaria\/wp-json\/wp\/v2\/comments?post=1209"}],"version-history":[{"count":23,"href":"https:\/\/istitutomariausiliatrice.it\/primaria\/wp-json\/wp\/v2\/pages\/1209\/revisions"}],"predecessor-version":[{"id":4403,"href":"https:\/\/istitutomariausiliatrice.it\/primaria\/wp-json\/wp\/v2\/pages\/1209\/revisions\/4403"}],"up":[{"embeddable":true,"href":"https:\/\/istitutomariausiliatrice.it\/primaria\/wp-json\/wp\/v2\/pages\/1407"}],"wp:featuredmedia":[{"embeddable":true,"href":"https:\/\/istitutomariausiliatrice.it\/primaria\/wp-json\/wp\/v2\/media\/3966"}],"wp:attachment":[{"href":"https:\/\/istitutomariausiliatrice.it\/primaria\/wp-json\/wp\/v2\/media?parent=1209"}],"curies":[{"name":"wp","href":"https:\/\/api.w.org\/{rel}","templated":true}]}}