{"id":1410,"date":"2013-04-15T12:20:30","date_gmt":"2013-04-15T10:20:30","guid":{"rendered":"http:\/\/www.istitutomariausiliatrice.it\/primaria\/?page_id=1410"},"modified":"2026-04-02T15:33:45","modified_gmt":"2026-04-02T13:33:45","slug":"offerta-formativa","status":"publish","type":"page","link":"https:\/\/istitutomariausiliatrice.it\/primaria\/per-conoscerci\/offerta-formativa\/","title":{"rendered":"OFFERTA FORMATIVA"},"content":{"rendered":"<pre><a href=\"https:\/\/istitutomariausiliatrice.it\/primaria\/files\/primaria-codice-meccanografico-CRAI-2.png\"><img loading=\"lazy\" decoding=\"async\" class=\"alignnone wp-image-3879 size-medium\" src=\"https:\/\/istitutomariausiliatrice.it\/primaria\/files\/primaria-codice-meccanografico-CRAI-2-300x122.png\" alt=\"\" width=\"300\" height=\"122\" srcset=\"https:\/\/istitutomariausiliatrice.it\/primaria\/files\/primaria-codice-meccanografico-CRAI-2-300x122.png 300w, https:\/\/istitutomariausiliatrice.it\/primaria\/files\/primaria-codice-meccanografico-CRAI-2-768x312.png 768w, https:\/\/istitutomariausiliatrice.it\/primaria\/files\/primaria-codice-meccanografico-CRAI-2-492x200.png 492w, https:\/\/istitutomariausiliatrice.it\/primaria\/files\/primaria-codice-meccanografico-CRAI-2.png 957w\" sizes=\"auto, (max-width: 300px) 100vw, 300px\" \/><\/a><br \/><br \/><\/pre>\n<p>La nostra scuola primaria ha due sezioni A e B ed \u00e8 disposta su due piani: al primo piano troverete le aule delle due cassi prime, delle due classi seconde e una quarta; al secondo piano ci sono le due aule delle classi terze, una quarta e le due quinte.<br \/>Entrambe le nostre sezioni hanno 28 ore di attivit\u00e0 didattica in prima e seconda; 30 ore di lezione in terza, quarta e quinta.<\/p>\n<p style=\"text-align: center\"><strong>CLASSI PRIME e SECONDE: orario 8.00 &#8211; 16.00 dal luned\u00ec al gioved\u00ec e 8.00 &#8211; 12.30 al venerd\u00ec<\/strong><\/p>\n<p style=\"text-align: center\"><strong>CLASSI TERZE, QUARTE e QUINTE: orario 8.00 &#8211; 16.00 dal luned\u00ec al venerd\u00ec<\/strong><\/p>\n<p>Al sabato e domenica la scuola rimane chiusa.<\/p>\n<p>Pre-scuola NON a pagamento dalle 7.30 circa ogni mattina. Post-scuola a pagamento dalle 16.00 alle 18.00 (massimo). Attivit\u00e0 extra-curricolari in loco (arte e manualit\u00e0, teatro, minibasket, minivolley, judo, have fun in English, funny fit, lingua cinese, coro, potenziamento violino, conversation in English), e nuoto (non in loco, ma alla piscina Lido con pullmino privato e istruttori dedicati).<\/p>\n<p>La scuola dispone di un&#8217;alula di musica (due ore settimanali fin dal primo anno), un laboratorio di informatica (ITC \u00e8 svolta per &#8216;un&#8217;ora a settimana fin dal primo anno), una piccola biblioteca scolastica per i pi\u00f9 piccoli pi\u00f9 angolo lettura in ogni aula, palestra attrezzata per i pi\u00f9 piccoli (lavoriamo anche con i progetti del Comune di Torino e con il CUS per avvicinare i bambini e le bambine ai diversi tipi di discipline sportive &#8211; partecipiamo alle Mini Athletic Games delle scuole salesiane).<\/p>\n<p>Ogni gruppo classe ha la sua maestra\/il suo maestro tutor per ITA, MATE, GEO, STORIA, SCIENZE, ARTE e maestre\/i specialisti per RELIGIONE, INGLESE, MADRELINGUA INGLESE, INFORMATICA, MUSICA, MOTORIA. IN prima e seconda la teacher madrelingua lavora in compresenza con il docente tutor; in terza, quarta e quinta fa le sue due ore in autonomia.<\/p>\n<p style=\"text-align: center\">I docenti delle due sezioni hanno un momento settimanale di programmazione per definire, di settimana in settimana, attivit\u00e0, verifiche, modalit\u00e0 di valutazione comuni. <strong><a href=\"https:\/\/drive.google.com\/file\/d\/1LFSqsvnWfFPaSNU2jdrKj3QHshrUUQzi\/view?usp=sharing\">AUDIO MP3<\/a><\/strong><\/p>\n<p style=\"text-align: center\"><strong>ORE DI INGLESE<\/strong><br \/><strong>classi prime: 1 ministeriale 3 madrelingua<\/strong><br \/><strong>classi seconde: 2 ministeriale 2 madrelingua<\/strong><br \/><strong>classi terze: 3 ministeriale 2 madrelingua<\/strong><br \/><strong>classi quarte: 3 ministeriale 2 madrelingua<\/strong><br \/><strong>classi quinte: 3 ministeriale 2 madrelingua<\/strong><\/p>\n<p>COMPITI: non si danno compiti da un giorno all&#8217;altro (quando si mandano a casa compiti per il giorno dopo \u00e8 perch\u00e9 il bambino\/la bambina non \u00e8 in nessun modo riuscito\/a a terminare quanto richiesto in classe). Ci sono, per\u00f2, compiti tutti i giorni (se scienze \u00e8 al marted\u00ec, daranno i compiti al marted\u00ec per la settimana successiva, geografia al mercoled\u00ec per la settimana successiva e cos\u00ec via&#8230;).<\/p>\n<p>LIBRI: sono gratuiti perch\u00e9 siamo in scuola dell&#8217;obbligo &#8211; basta andare nelle librerie\/cartolerie convenzionate con il codice fiscale dell&#8217;alunno e ordinarli &#8211; saranno visibili sulla piattaforma (li comunichiamo all&#8217;ufficio scolastico regionale verso la fine del mese di giugno).<\/p>\n<p>USCITE DIDATTICHE: non avendo giardino interno o verde a nostra disposizione, cerchiamo di uscire il pi\u00f9 possibile, sempre in linea con la programmazione dell&#8217;anno.<\/p>\n<p>ENTRATA e USCITA da c.so Regina Margherita.<\/p>\n<p style=\"text-align: center\"><a href=\"https:\/\/drive.google.com\/file\/d\/1uC455WCrpYvTNyIAbTVvkmBvLwGrljqy\/view?usp=sharing\"><strong>AUDIO MP3<\/strong><\/a><\/p>\n<p>\u00a0<\/p>\n<p>PER ULTERIORI INFORMAZIONI PARTECIPA AI NOSTRI <a title=\"OPENDAY\" href=\"https:\/\/istitutomariausiliatrice.it\/primaria\/per-conoscerci\/openday\/\" target=\"_blank\" rel=\"noopener\"><strong>OPENDAY <\/strong><\/a>O VAI NELLA SEZIONE<strong><a title=\"CONTATTACI\" href=\"https:\/\/istitutomariausiliatrice.it\/primaria\/per-conoscerci\/seguici\/2-2\/\" target=\"_blank\" rel=\"noopener\"> CONTATTACI<\/a>!<\/strong><\/p>\n\n\n<p><a href=\"https:\/\/drive.google.com\/file\/d\/1nkm-sVFyfvaYERQFLSEbVvOeUEJFG7cc\/view?usp=drive_link\">PTOF 2022-2025 revisione ottobre 2025<\/a><\/p>\n\n\n<div class=\"wp-block-image\">\n<figure class=\"aligncenter size-full\"><a href=\"https:\/\/istitutomariausiliatrice.it\/primaria\/files\/invito-al-sabato.png\"><img loading=\"lazy\" decoding=\"async\" width=\"836\" height=\"575\" src=\"https:\/\/istitutomariausiliatrice.it\/primaria\/files\/invito-al-sabato.png\" alt=\"\" class=\"wp-image-4440\" srcset=\"https:\/\/istitutomariausiliatrice.it\/primaria\/files\/invito-al-sabato.png 836w, https:\/\/istitutomariausiliatrice.it\/primaria\/files\/invito-al-sabato-300x206.png 300w, https:\/\/istitutomariausiliatrice.it\/primaria\/files\/invito-al-sabato-768x528.png 768w, https:\/\/istitutomariausiliatrice.it\/primaria\/files\/invito-al-sabato-291x200.png 291w\" sizes=\"auto, (max-width: 836px) 100vw, 836px\" \/><\/a><\/figure>\n<\/div>","protected":false},"excerpt":{"rendered":"<p>La nostra scuola primaria ha due sezioni A e B ed \u00e8 disposta su due piani: al primo piano troverete le aule delle due cassi prime, delle due classi seconde e una quarta; al secondo piano ci sono le due aule delle classi terze, una quarta e le due quinte.Entrambe &hellip;<\/p>\n","protected":false},"author":11,"featured_media":0,"parent":1407,"menu_order":1,"comment_status":"closed","ping_status":"closed","template":"","meta":{"vkexunit_cta_each_option":"","footnotes":""},"class_list":["post-1410","page","type-page","status-publish","hentry"],"_links":{"self":[{"href":"https:\/\/istitutomariausiliatrice.it\/primaria\/wp-json\/wp\/v2\/pages\/1410","targetHints":{"allow":["GET"]}}],"collection":[{"href":"https:\/\/istitutomariausiliatrice.it\/primaria\/wp-json\/wp\/v2\/pages"}],"about":[{"href":"https:\/\/istitutomariausiliatrice.it\/primaria\/wp-json\/wp\/v2\/types\/page"}],"author":[{"embeddable":true,"href":"https:\/\/istitutomariausiliatrice.it\/primaria\/wp-json\/wp\/v2\/users\/11"}],"replies":[{"embeddable":true,"href":"https:\/\/istitutomariausiliatrice.it\/primaria\/wp-json\/wp\/v2\/comments?post=1410"}],"version-history":[{"count":34,"href":"https:\/\/istitutomariausiliatrice.it\/primaria\/wp-json\/wp\/v2\/pages\/1410\/revisions"}],"predecessor-version":[{"id":4551,"href":"https:\/\/istitutomariausiliatrice.it\/primaria\/wp-json\/wp\/v2\/pages\/1410\/revisions\/4551"}],"up":[{"embeddable":true,"href":"https:\/\/istitutomariausiliatrice.it\/primaria\/wp-json\/wp\/v2\/pages\/1407"}],"wp:attachment":[{"href":"https:\/\/istitutomariausiliatrice.it\/primaria\/wp-json\/wp\/v2\/media?parent=1410"}],"curies":[{"name":"wp","href":"https:\/\/api.w.org\/{rel}","templated":true}]}}