{"id":1839,"date":"2014-09-24T11:52:45","date_gmt":"2014-09-24T09:52:45","guid":{"rendered":"http:\/\/www.istitutomariausiliatrice.it\/primaria\/?page_id=1839"},"modified":"2025-10-22T11:26:15","modified_gmt":"2025-10-22T09:26:15","slug":"certificazione-di-informatica","status":"publish","type":"page","link":"https:\/\/istitutomariausiliatrice.it\/primaria\/per-conoscerci\/certificazioni\/certificazione-di-informatica\/","title":{"rendered":"CERTIFICAZIONE di INFORMATICA  &#8211; (EIPASS JUNIOR)"},"content":{"rendered":"<h1 class=\"entry-title\"><a href=\"https:\/\/istitutomariausiliatrice.it\/primaria\/files\/eipass.png\"><img loading=\"lazy\" decoding=\"async\" class=\"wp-image-1843 aligncenter\" src=\"https:\/\/istitutomariausiliatrice.it\/primaria\/files\/eipass.png\" alt=\"eipass\" width=\"549\" height=\"395\" \/><\/a><\/h1>\n<h1 class=\"entry-title\">Nativi Digitali, s\u00ec&#8230;ed alfabetizzati!<\/h1>\n<div class=\"entry-content\" style=\"font: 15px\/22.5px 'PT Sans'; color: #000000; text-transform: none; text-indent: 0px; letter-spacing: normal; background-color: #ffffff;\">\n<p><strong>EIPASS Junior \u00e8 il programma di formazione e certificazione delle competenze acquisite in ambito digitale, dedicato a studenti della Scuola Primaria e della Scuola Secondaria di primo grado, in et\u00e0 compresa tra i 7 e i 13 anni.<\/strong><\/p>\n<p><span style=\"font-size: revert; text-indent: 0em;\">La diffusione della cultura Digitale \u00e8 di fondamentale importanza nella societ\u00e0 contemporanea e noi vogliamo farne parte! Non ci basta dare competenze tecniche per il corretto utilizzo dei mezzi informatici, ma far s\u00ec che i nostri alunni le nostre alunne siano consapevoli del digitale in cui sono immersi: capacit\u00e0<\/span> di analisi, Problem Solving, algoritmizzazione di procedure, rappresentazione e gestione di dati e informazioni.<\/p>\n<p>L\u2019alfabetizzazione informatica non \u00e8 un obiettivo ma un metodo: la tecnologia evolve e crea forme sempre nuove di divario (pensiamo al web 2.0 o all\u2019uso dei device mobili).\u00a0L\u2019alfabetizzazione informatica \u00e8 il presupposto per la creazione di una reale cultura digitale che:<\/p>\n<ul>\n<li>permetta a tutti di conoscere gli strumenti disponibili ed utilizzati, le potenzialit\u00e0 di internet e i rischi connessi per la propria identit\u00e0 e la sicurezza;<\/li>\n<li>agevoli l\u2019utilizzo della rete come luogo di possibilit\u00e0, opportunit\u00e0 di sviluppo personale e professionale.<\/li>\n<\/ul>\n<p align=\"justify\">In questo senso,<span class=\"Apple-converted-space\">\u00a0<\/span><strong>cultura digitale<span class=\"Apple-converted-space\">\u00a0<\/span><\/strong>vuol dire conoscenza e utilizzabilit\u00e0 delle \u201cregole del gioco\u201d e delle condizioni di utilizzo degli strumenti web 2.0, per sfruttarne tutte le potenzialit\u00e0 e prevenire i possibili rischi o danni.<\/p>\n<div class=\"entry-header\" style=\"font: 15px\/22.5px 'PT Sans'; color: #000000; text-transform: none; text-indent: 0px; letter-spacing: normal; background-color: #ffffff;\">\n<h1 class=\"entry-title\">\u00a0Certificazione delle competenze<\/h1>\n<\/div>\n<div class=\"entry-content\" style=\"font: 15px\/22.5px 'PT Sans'; color: #000000; text-transform: none; text-indent: 0px; letter-spacing: normal; background-color: #ffffff;\">\n<p>La primaria finalit\u00e0 di EIPASS JUNIOR \u00e8 promuovere, sin dai primi anni di scuola, l\u2019introduzione di buone prassi per un corretto approccio all\u2019informatica, oltre a essere una guida completa per i Docenti responsabili delle attivit\u00e0 di formazione.<\/p>\n<p>In linea con quanto previsto dalla Comunit\u00e0 Europea e con quanto riportato nel Syllabus Ministeriale, il nuovo programma EIPASS JUNIOR permette agli studenti dai 7 ai 13 anni di consolidare le competenze digitali di base e di conseguire la certificazione EIPASS JUNIOR.<\/p>\n<p>Tutti gli argomenti d\u2019esame sono stati individuati dopo attenta valutazione delle abilit\u00e0 e delle competenze ritenute basilari ai fini di un corretto sviluppo delle competenze digitali in soggetti in et\u00e0 scolare \u201cUnder 14\u201d, tenendo conto sia della Ricerca corrente, sia dei parametri che caratterizzano l\u2019attuale Offerta Formativa, oltre che delle indicazioni contenute nel quadro di riferimento ministeriale (Syllabus 2010).<\/p>\n<div class=\"row container boxed \">\n<div class=\"small-12 large-12 columns \">\n<div class=\"column-inner\">\n<h2>Per la Scuola Primaria<\/h2>\n<p>Il nuovo programma EIPASS JUNIOR per la Scuola Primaria \u00e8 strutturato in modo chiaro e completo: tratta le basi del linguaggio informatico e del funzionamento di un computer, approfondisce il software applicativo di OO04 Kids, introduce il Web e il Coding con Scratch.<\/p>\n<h5>Elenco moduli d\u2019esame<\/h5>\n<p>Modulo 1: Competenze computazionali di base<\/p>\n<p>Modulo 2: Analisi delle componenti Hardware di un computer<\/p>\n<p>Modulo 3: Gestione di un Sistema Operativo a Interfaccia grafica (elementi di base)<\/p>\n<p>Modulo 4: Software applicativo: una finestra sull\u2019ambiente OO04 Kids<\/p>\n<p>Modulo 5: Alla scoperta del Web e del Coding. Primi passi con l\u2019ambiente Scratch<\/p>\n<\/div>\n<div class=\"column-inner\"><\/div>\n<h3 class=\"column-inner\" style=\"text-align: center;\"><a href=\"http:\/\/junior.eipass.com\/wp-content\/uploads\/2014\/03\/Syllabus-EIPASS-Junior-4.0-Scuola-Primaria.pdf\" target=\"_blank\" rel=\"noopener\">SCARICA IL PROGRAMMA DETTAGLIATO DELLA CERTIFICAZIONE<\/a><\/h3>\n<\/div>\n<\/div>\n<h3 style=\"text-align: center;\"><a href=\"https:\/\/istitutomariausiliatrice.it\/primaria\/files\/candidato_eipass_4.0_.pdf\" target=\"_blank\" rel=\"noopener\">SCARICA LE INDICAZIONI CONTRATTUALI <\/a><\/h3>\n<div class=\"entry-header\" style=\"font: 15px\/22.5px 'PT Sans'; color: #000000; text-transform: none; text-indent: 0px; letter-spacing: normal; background-color: #ffffff;\">\n<h1 class=\"entry-title\"><a href=\"https:\/\/istitutomariausiliatrice.it\/primaria\/files\/eipass.png\">\u00a0<\/a><\/h1>\n<h4>Ecco i nostri alunni di quinta 2024-2025 al termine del percorso<\/h4>\n<h1><a href=\"https:\/\/istitutomariausiliatrice.it\/primaria\/files\/502469508_1601535567465934_611800440815377824_n.jpg\"><img loading=\"lazy\" decoding=\"async\" class=\"alignright size-large wp-image-4453\" src=\"https:\/\/istitutomariausiliatrice.it\/primaria\/files\/502469508_1601535567465934_611800440815377824_n-1024x771.jpg\" alt=\"\" width=\"1024\" height=\"771\" srcset=\"https:\/\/istitutomariausiliatrice.it\/primaria\/files\/502469508_1601535567465934_611800440815377824_n-1024x771.jpg 1024w, https:\/\/istitutomariausiliatrice.it\/primaria\/files\/502469508_1601535567465934_611800440815377824_n-300x226.jpg 300w, https:\/\/istitutomariausiliatrice.it\/primaria\/files\/502469508_1601535567465934_611800440815377824_n-768x578.jpg 768w, https:\/\/istitutomariausiliatrice.it\/primaria\/files\/502469508_1601535567465934_611800440815377824_n-1536x1157.jpg 1536w, https:\/\/istitutomariausiliatrice.it\/primaria\/files\/502469508_1601535567465934_611800440815377824_n-266x200.jpg 266w, https:\/\/istitutomariausiliatrice.it\/primaria\/files\/502469508_1601535567465934_611800440815377824_n.jpg 2048w\" sizes=\"auto, (max-width: 1024px) 100vw, 1024px\" \/><\/a> <a href=\"https:\/\/istitutomariausiliatrice.it\/primaria\/files\/502584107_1601535370799287_3575450046941922073_n.jpg\"><img loading=\"lazy\" decoding=\"async\" class=\"alignright size-large wp-image-4454\" src=\"https:\/\/istitutomariausiliatrice.it\/primaria\/files\/502584107_1601535370799287_3575450046941922073_n-1024x771.jpg\" alt=\"\" width=\"1024\" height=\"771\" srcset=\"https:\/\/istitutomariausiliatrice.it\/primaria\/files\/502584107_1601535370799287_3575450046941922073_n-1024x771.jpg 1024w, https:\/\/istitutomariausiliatrice.it\/primaria\/files\/502584107_1601535370799287_3575450046941922073_n-300x226.jpg 300w, https:\/\/istitutomariausiliatrice.it\/primaria\/files\/502584107_1601535370799287_3575450046941922073_n-768x578.jpg 768w, https:\/\/istitutomariausiliatrice.it\/primaria\/files\/502584107_1601535370799287_3575450046941922073_n-1536x1157.jpg 1536w, https:\/\/istitutomariausiliatrice.it\/primaria\/files\/502584107_1601535370799287_3575450046941922073_n-266x200.jpg 266w, https:\/\/istitutomariausiliatrice.it\/primaria\/files\/502584107_1601535370799287_3575450046941922073_n.jpg 2048w\" sizes=\"auto, (max-width: 1024px) 100vw, 1024px\" \/><\/a><\/h1>\n<h4><\/h4>\n<h1 class=\"entry-title\">Domande e risposte<\/h1>\n<\/div>\n<div class=\"entry-content\" style=\"font: 15px\/22.5px 'PT Sans'; color: #000000; text-transform: none; text-indent: 0px; letter-spacing: normal; background-color: #ffffff;\">\n<p><strong>Cosa \u00e8 EIPASS Junior?<\/strong><\/p>\n<p align=\"justify\">\u00c8 un Programma di certificazione delle competenze digitali di base destinato a soggetti in et\u00e0 compresa fra i 9 e i 13 anni, una fascia d\u2019et\u00e0 particolarmente delicata in cui si sviluppano abilit\u00e0 e conoscenze che influenzeranno i comportamenti dell\u2019Individuo lungo tutto l\u2019arco della propria vita.<\/p>\n<p><strong>Cosa sono le \u201ccompetenze digitali\u201d?<\/strong><\/p>\n<p align=\"justify\">Sono i comportamenti che il soggetto assume nei confronti delle Tecnologie dell\u2019Informazione e della Comunicazione (ICT), rappresentate prevalentemente dal Computer e dai servizi di rete. Le competenze digitali sono ritenute a buon diritto fondamentali per il corretto sviluppo dell\u2019Individuo nell\u2019attuale contesto familiare e lavorativo, in cui chi non \u00e8 in grado di utilizzarle con efficacia \u00e8 destinato all\u2019emarginazione sociale.<\/p>\n<p>\u00a0<strong>Mio figlio sa gi\u00e0 usare il computer senza alcun bisogno di lezioni o esami; perch\u00e9 dovrebbe iscriversi al Programma \u201cEIPASS Junior\u201d?<\/strong><\/p>\n<p align=\"justify\">Tutti i nostri ragazzi, definiti \u201cnativi digitali\u201d, sono oggi in grado di usare un computer, un cellulare evoluto, la rete Internet; in pratica, tutti loro possono vantare gi\u00e0 in tenera et\u00e0 una significativa esperienza in questo campo. Ma l\u2019esperienza, se non viene approfondita attraverso la riflessione e l\u2019analisi di quello che si fa in modo quasi inconsapevole, non solo pu\u00f2 rivelarsi fine a se stessa, ma pu\u00f2 addirittura risultare dannosa. \u201cEIPASS Junior\u201d, attraverso un apposito percorso di approfondimento mirato al conseguimento della certificazione finale, consente al soggetto educando di confrontarsi con quello che sa e che sa fare, agevolando la trasformazione dell\u2019esperienza in competenza e rendendolo consapevole dei rischi connessi ad un uso improprio delle tecnologie digitali.<\/p>\n<p><strong>Nella scuola di mio figlio sono gi\u00e0 previste alcune lezioni di informatica: non \u00e8 sufficiente?<\/strong><\/p>\n<p align=\"justify\">Indubbiamente l\u2019operato della Scuola nel settore informatico \u00e8 di grande importanza; i Piani dell\u2019Offerta Formativa nella Fascia Primaria e Secondaria di 1\u00b0 grado, per\u00f2, non possono assegnare a questo importante insegnamento spazi adeguati, in considerazione del tempo dedicato alle diverse discipline (poche ore settimanali di laboratorio non sono sufficienti). \u201cEIPASS\u00ae Junior\u201d, attraverso il Suo Programma, integra efficacemente l\u2019offerta scolastica, in quanto seleziona i contenuti da sottoporre all\u2019attenzione dei piccoli Allievi e li organizza in un percorso specifico che integra l\u2019offerta scolastica rendendola ancora pi\u00f9 efficace.<\/p>\n<p><strong>Ho sentito parlare di certificazioni d\u2019informatica destinate agli adulti; che senso ha offrire una certificazione in questo settore ad un soggetto cos\u00ec giovane come mio figlio?<\/strong><\/p>\n<p align=\"justify\">Il rilascio di una certificazione agli Allievi di una Scuola Primaria o Secondaria di 1\u00b0 grado ha valore in quanto riconosce la validit\u00e0 di apprendimenti \u201cnon formali\u201d, oramai importanti quanto quelli promossi all\u2019interno delle Istituzioni Scolastiche; infatti \u00e8 possibile valutare positivamente il possesso della certificazione \u201cEIPASS\u00ae Junior\u201d come credito formativo scolastico all\u2019interno di una Scuola Elementare, quando agli studenti viene rilasciata la cosiddetta \u201cCertificazione delle competenze di cittadinanza attiva\u201d voluta per le classi terminali (classi V elementare e III media) dal regolamento sull\u2019obbligo dell\u2019istruzione (DPR 122 del 2009).<\/p>\n<p><strong>Ho letto il Programma \u201cEIPASS Junior\u201d, ma non ho trovato nulla che riguarda gli esami finali: come si svolgono? Sono difficili come quelli per gli adulti?<\/strong><\/p>\n<p align=\"justify\">\u201cEIPASS Junior\u201d \u00e8 un Programma appositamente concepito per i soggetti in et\u00e0 molto giovane (9-13 anni), per cui anche gli esami finali, come i contenuti, sono calibrati e adatti a questo particolare tipo di utenza: in altre parole, \u201cEIPASS Junior\u201d non \u00e8 l\u2019adattamento di un percorso di studio e di certificazione originariamente concepito per l\u2019et\u00e0 adulta, ma un vero e proprio progetto appositamente studiato sin nei minimi particolari. Gli esami si svolgono in rete, accedendo ad un\u2019area riservata che ne garantisce l\u2019assoluta imparzialit\u00e0. Il livello di difficolt\u00e0 \u00e8 graduale e comunque adatto alle conoscenze sviluppate e al linguaggio propri dell\u2019et\u00e0 cui il Programma \u00e8 destinato.<\/p>\n<p><strong>Solitamente per un esame ci si prepara anche a casa. \u00c8 possibile anche nel caso di \u201cEIPASS Junior?<\/strong><\/p>\n<p align=\"justify\">Certamente. Il Programma prevede che i propri iscritti possano simulare gli esami anche da casa, attraverso un\u2019apposita area riservata, tutte le volte che vogliono prima di affrontare l\u2019esame vero e proprio. Le simulazioni sono del tutto simili alla sessione ufficiale, tranne per il fatto che, se l\u2019allievo supera positivamente un modulo d\u2019esame in ambiente simulato, questo non comporter\u00e0 l\u2019attribuzione di un punteggio ufficiale. A questo si aggiunga la possibilit\u00e0 di disporre di manuali (o quaderni) per approfondire ulteriormente gli argomenti previsti nel Programma.<\/p>\n<p><strong>Dove si svolgono gli esami? \u00c8 prevista la presenza di una Commissione?<\/strong><\/p>\n<p align=\"justify\">Gli esami si svolgono a scuola, nell\u2019aula laboratorio di informatica. La Commissione \u00e8 rappresentata\u2026 dal computer. Gli esami infatti sono sostenuti in rete, ed \u00e8 il sistema ad emettere la valutazione finale. Durante la sessione d\u2019esame sono presenti uno o due Esaminatori, Docenti della stessa Scuola, con il compito di vigilare sulla corretta procedura.<\/p>\n<p><strong>Che succede se mio figlio non supera uno dei moduli d\u2019esame?<\/strong><\/p>\n<p align=\"justify\">Nulla di grave: l\u2019esame potr\u00e0 essere ripetuto acquisendo un apposito \u201ccredito d\u2019esame\u201d, e cio\u00e8 l\u2019autorizzazione a ripeterlo. In questo caso l\u2019allievo si iscriver\u00e0 ad una sessione di recupero appositamente costituita.<\/p>\n<p align=\"justify\">\n<\/div>\n<\/div>\n<\/div>\n","protected":false},"excerpt":{"rendered":"<p>Nativi Digitali, s\u00ec&#8230;ed alfabetizzati! EIPASS Junior \u00e8 il programma di formazione e certificazione delle competenze acquisite in ambito digitale, dedicato a studenti della Scuola Primaria e della Scuola Secondaria di primo grado, in et\u00e0 compresa tra i 7 e i 13 anni. La diffusione della cultura Digitale \u00e8 di fondamentale &hellip;<\/p>\n","protected":false},"author":11,"featured_media":0,"parent":1852,"menu_order":1,"comment_status":"closed","ping_status":"open","template":"","meta":{"vkexunit_cta_each_option":"","footnotes":""},"class_list":["post-1839","page","type-page","status-publish","hentry"],"_links":{"self":[{"href":"https:\/\/istitutomariausiliatrice.it\/primaria\/wp-json\/wp\/v2\/pages\/1839","targetHints":{"allow":["GET"]}}],"collection":[{"href":"https:\/\/istitutomariausiliatrice.it\/primaria\/wp-json\/wp\/v2\/pages"}],"about":[{"href":"https:\/\/istitutomariausiliatrice.it\/primaria\/wp-json\/wp\/v2\/types\/page"}],"author":[{"embeddable":true,"href":"https:\/\/istitutomariausiliatrice.it\/primaria\/wp-json\/wp\/v2\/users\/11"}],"replies":[{"embeddable":true,"href":"https:\/\/istitutomariausiliatrice.it\/primaria\/wp-json\/wp\/v2\/comments?post=1839"}],"version-history":[{"count":19,"href":"https:\/\/istitutomariausiliatrice.it\/primaria\/wp-json\/wp\/v2\/pages\/1839\/revisions"}],"predecessor-version":[{"id":4456,"href":"https:\/\/istitutomariausiliatrice.it\/primaria\/wp-json\/wp\/v2\/pages\/1839\/revisions\/4456"}],"up":[{"embeddable":true,"href":"https:\/\/istitutomariausiliatrice.it\/primaria\/wp-json\/wp\/v2\/pages\/1852"}],"wp:attachment":[{"href":"https:\/\/istitutomariausiliatrice.it\/primaria\/wp-json\/wp\/v2\/media?parent=1839"}],"curies":[{"name":"wp","href":"https:\/\/api.w.org\/{rel}","templated":true}]}}