{"id":1811,"date":"2011-09-14T16:24:12","date_gmt":"2011-09-14T14:24:12","guid":{"rendered":"http:\/\/liceoausiliatrice.it\/secondaria1grado\/?page_id=1042"},"modified":"2021-11-04T00:19:04","modified_gmt":"2021-11-03T23:19:04","slug":"scrivici-2","status":"publish","type":"page","link":"https:\/\/istitutomariausiliatrice.it\/secondaria1grado\/per-conoscerci\/scrivici-2\/","title":{"rendered":"SCRIVICI"},"content":{"rendered":"\n<figure class=\"wp-block-image size-full\"><a href=\"https:\/\/istitutomariausiliatrice.it\/secondaria1grado\/files\/BPT_6148_resize.jpg\"><img loading=\"lazy\" decoding=\"async\" width=\"900\" height=\"600\" src=\"https:\/\/istitutomariausiliatrice.it\/secondaria1grado\/files\/BPT_6148_resize.jpg\" alt=\"\" class=\"wp-image-2777\" srcset=\"https:\/\/istitutomariausiliatrice.it\/secondaria1grado\/files\/BPT_6148_resize.jpg 900w, https:\/\/istitutomariausiliatrice.it\/secondaria1grado\/files\/BPT_6148_resize-300x200.jpg 300w, https:\/\/istitutomariausiliatrice.it\/secondaria1grado\/files\/BPT_6148_resize-768x512.jpg 768w\" sizes=\"auto, (max-width: 900px) 100vw, 900px\" \/><\/a><\/figure>\n\n\n\n<p id=\"block-9f92c541-d0eb-4f79-b6ff-390493574453\">ISTITUTO MARIA AUSILIATRICE delle SALESIANE DI DON BOSCO<br>Piazza Maria Ausiliatrice, 27 \u2013 10152 TORINO<\/p>\n\n\n\n<p id=\"block-e8f39037-e4c7-46c7-a24f-749f84415ceb\">Tel. 011\/4365676<br>Fax 011\/4360441<\/p>\n\n\n\n<p id=\"block-eef56278-a308-4582-912c-37abc55dcea8\">Se vuoi trovarci su Google Map <a rel=\"noreferrer noopener\" href=\"http:\/\/maps.google.it\/maps?f=q&amp;source=s_q&amp;hl=it&amp;q=Piazza+Maria+Ausiliatrice,+27,+10152+Torino+Torino,+Piemonte&amp;vps=2&amp;jsv=166d&amp;sll=45.698695,8.462571&amp;sspn=0.183677,0.41954&amp;ie=UTF8&amp;cd=3&amp;geocode=FczdrwIdKR11AA&amp;split=0&amp;latlng=4058161742207104061&amp;ei=Yf5gStvIAYyFsAbU0uSAAQ&amp;sig2=AWa6unO9V37Jg7t2ccsvbA\" target=\"_blank\">questo \u00e8 l&#8217;indirizzo<\/a><\/p>\n\n\n\n<figure class=\"wp-block-table\"><table><thead><tr><th>\ufeff<\/th><th>SEGRETERIA AMMINISTRATIVA &#8211; CINZIA<\/th><th>\ufeff<\/th><\/tr><\/thead><tbody><tr><td>mattino<\/td><td>pomeriggio<\/td><td>\ufeff<\/td><\/tr><tr><td>dal luned\u00ec al venerd\u00ec<br>dalle 8.00 alle 13.00<\/td><td>solo il marted\u00ec<br>dalle 14.30 alle 16.30<\/td><td>esclusivamente su appuntamento<br><a href=\"mailto:amministrazione@mauxtorino.com\">amministrazione@mauxtorino.com<\/a><br>011\/4365676<\/td><\/tr><tr><td>\ufeff<\/td><td>\ufeff<\/td><td>\ufeff<\/td><\/tr><\/tbody><\/table><\/figure>\n\n\n\n<figure class=\"wp-block-table\"><table><thead><tr><th>\ufeff<\/th><th>SEGRETERIA DIDATTICA &#8211; MARIA LAURA<\/th><th>\ufeff<\/th><\/tr><\/thead><tbody><tr><td>mattino<\/td><td>pomeriggio<\/td><td>\ufeff<\/td><\/tr><tr><td>dal luned\u00ec al venerd\u00ec<br>dalle 7.45 alle 11.30<\/td><td>&#8212;<\/td><td>esclusivamente su appuntamento<br><a href=\"mailto:segreteria.infanzia@mauxtorino.com\">segreteria.infanzia@mauxtorino.com<\/a><br>011\/4365676<\/td><\/tr><\/tbody><\/table><\/figure>\n\n\n\n<figure class=\"wp-block-table\"><table><thead><tr><th>\ufeff<\/th><th>SEGRETERIA DIDATTICA &#8211; ANTONELLA<\/th><th>\ufeff<\/th><\/tr><\/thead><tbody><tr><td>mattino<\/td><td>pomeriggio<\/td><td>\ufeff<\/td><\/tr><tr><td>dal luned\u00ec al venerd\u00ec<br>dalle 7.45 alle 11.30<\/td><td>solo il marted\u00ec<br>dalle 14.00 alle 15.00<\/td><td>esclusivamente su appuntamento<br>per la scuola primaria: <a rel=\"noreferrer noopener\" href=\"mailto:segreteria.primaria@mauxtorino.com\" target=\"_blank\">segreteria.primaria@mauxtorino.com<\/a><br>la scuola sec.I\u00b0 gr-media: <a rel=\"noreferrer noopener\" href=\"mailto:segreteria.media@mauxtorino.com\" target=\"_blank\">segreteria.media@mauxtorino.com<\/a><br>i licei: <a rel=\"noreferrer noopener\" href=\"mailto:segreteria.liceo@mauxtorino.com\" target=\"_blank\">segreteria.liceo@mauxtorino.com<\/a><br>011\/4365676<\/td><\/tr><\/tbody><\/table><\/figure>\n","protected":false},"excerpt":{"rendered":"<p>ISTITUTO MARIA AUSILIATRICE delle SALESIANE DI DON BOSCOPiazza Maria Ausiliatrice, 27 \u2013 10152 TORINO Tel. 011\/4365676Fax 011\/4360441 Se vuoi trovarci su Google Map questo \u00e8 l&#8217;indirizzo \ufeff SEGRETERIA AMMINISTRATIVA &#8211; CINZIA \ufeff mattino pomeriggio \ufeff dal luned\u00ec al venerd\u00ecdalle 8.00 alle 13.00 solo il marted\u00ecdalle 14.30 alle 16.30 esclusivamente su appuntamentoamministrazione@mauxtorino.com011\/4365676 \ufeff \ufeff \ufeff \ufeff [&hellip;]<\/p>\n","protected":false},"author":22,"featured_media":2777,"parent":1919,"menu_order":3,"comment_status":"closed","ping_status":"closed","template":"","meta":{"vkexunit_cta_each_option":"","footnotes":""},"class_list":["post-1811","page","type-page","status-publish","has-post-thumbnail","hentry"],"_links":{"self":[{"href":"https:\/\/istitutomariausiliatrice.it\/secondaria1grado\/wp-json\/wp\/v2\/pages\/1811","targetHints":{"allow":["GET"]}}],"collection":[{"href":"https:\/\/istitutomariausiliatrice.it\/secondaria1grado\/wp-json\/wp\/v2\/pages"}],"about":[{"href":"https:\/\/istitutomariausiliatrice.it\/secondaria1grado\/wp-json\/wp\/v2\/types\/page"}],"author":[{"embeddable":true,"href":"https:\/\/istitutomariausiliatrice.it\/secondaria1grado\/wp-json\/wp\/v2\/users\/22"}],"replies":[{"embeddable":true,"href":"https:\/\/istitutomariausiliatrice.it\/secondaria1grado\/wp-json\/wp\/v2\/comments?post=1811"}],"version-history":[{"count":6,"href":"https:\/\/istitutomariausiliatrice.it\/secondaria1grado\/wp-json\/wp\/v2\/pages\/1811\/revisions"}],"predecessor-version":[{"id":2778,"href":"https:\/\/istitutomariausiliatrice.it\/secondaria1grado\/wp-json\/wp\/v2\/pages\/1811\/revisions\/2778"}],"up":[{"embeddable":true,"href":"https:\/\/istitutomariausiliatrice.it\/secondaria1grado\/wp-json\/wp\/v2\/pages\/1919"}],"wp:featuredmedia":[{"embeddable":true,"href":"https:\/\/istitutomariausiliatrice.it\/secondaria1grado\/wp-json\/wp\/v2\/media\/2777"}],"wp:attachment":[{"href":"https:\/\/istitutomariausiliatrice.it\/secondaria1grado\/wp-json\/wp\/v2\/media?parent=1811"}],"curies":[{"name":"wp","href":"https:\/\/api.w.org\/{rel}","templated":true}]}}