{"id":1923,"date":"2014-10-02T15:01:20","date_gmt":"2014-10-02T13:01:20","guid":{"rendered":"http:\/\/www.istitutomariausiliatrice.it\/secondaria1grado\/?page_id=1923"},"modified":"2021-11-07T09:19:38","modified_gmt":"2021-11-07T08:19:38","slug":"percorso-tradizionale","status":"publish","type":"page","link":"https:\/\/istitutomariausiliatrice.it\/secondaria1grado\/per-conoscerci\/percorso-tradizionale\/","title":{"rendered":"PERCORSO TRADIZIONALE"},"content":{"rendered":"\n<figure class=\"wp-block-image size-large is-style-default\"><a href=\"https:\/\/istitutomariausiliatrice.it\/secondaria1grado\/files\/medie_hdr_trad.jpeg\"><img decoding=\"async\" src=\"https:\/\/istitutomariausiliatrice.it\/secondaria1grado\/files\/medie_hdr_trad-1024x768.jpeg\" alt=\"\" class=\"wp-image-2847\"\/><\/a><\/figure>\n\n\n\n<p>Nel percorso <strong>TRADIZIONALE<\/strong>:<\/p>\n\n\n\n<div class=\"wp-block-image\"><figure class=\"alignleft size-full\"><a href=\"https:\/\/istitutomariausiliatrice.it\/secondaria1grado\/files\/orario_trad.png\"><img loading=\"lazy\" decoding=\"async\" width=\"359\" height=\"486\" src=\"https:\/\/istitutomariausiliatrice.it\/secondaria1grado\/files\/orario_trad.png\" alt=\"\" class=\"wp-image-2611\" srcset=\"https:\/\/istitutomariausiliatrice.it\/secondaria1grado\/files\/orario_trad.png 359w, https:\/\/istitutomariausiliatrice.it\/secondaria1grado\/files\/orario_trad-222x300.png 222w, https:\/\/istitutomariausiliatrice.it\/secondaria1grado\/files\/orario_trad-148x200.png 148w\" sizes=\"auto, (max-width: 359px) 100vw, 359px\" \/><\/a><\/figure><\/div>\n\n\n\n<ul class=\"wp-block-list\"><li>si seguono le indicazioni dei&nbsp;programmi emanati dal Ministero della&nbsp;Pubblica Istruzione<\/li><li>si studiano due lingue comunitarie: Inglese e Spagnolo<\/li><li>si attivano laboratori e progetti che&nbsp;ampliano l\u2019orizzonte delle discipline&nbsp;(laboratori, spettacoli, vacanze-studio all&#8217;estero\u2026)<\/li><\/ul>\n\n\n\n<p>Il percorso \u00e8 cos\u00ec strutturato:<\/p>\n\n\n\n<ul class=\"wp-block-list\"><li>31&nbsp;ore DI INSEGNAMENTO SETTIMANALI<\/li><\/ul>\n\n\n\n<p>&#8211; &nbsp;dal luned\u00ec al gioved\u00ec &nbsp;ore 8.00 \u2013 13.30<\/p>\n\n\n\n<p>&#8211; &nbsp;venerd\u00ec ore 8.00 \u2013 12.40<\/p>\n\n\n\n<p>&#8211; &nbsp;un rientro pomeridiano ore 14.30 &#8211; 16.20<\/p>\n\n\n\n<ul class=\"wp-block-list\"><li>INSEGNANTI CURRICOLARI<\/li><\/ul>\n\n\n\n<p>La scuola&nbsp;offre:<\/p>\n\n\n\n<ul class=\"wp-block-list\"><li>il servizio di&nbsp;MENSA SCOLASTICA<\/li><li>possibilit\u00e0 di PRE E POST SCUOLA<\/li><li>ATTIVITA\u2019 E LABORATORI IN ORARIO EXTRASCOLASTICO<\/li><\/ul>\n\n\n\n<p><\/p>\n\n\n\n<div class=\"wp-block-jetpack-tiled-gallery alignfull is-style-rectangular\"><div class=\"tiled-gallery__gallery\"><div class=\"tiled-gallery__row\"><div class=\"tiled-gallery__col\" style=\"flex-basis:41.31828%\"><figure class=\"tiled-gallery__item\"><img decoding=\"async\" alt=\"\" data-height=\"1152\" data-id=\"2616\" data-link=\"https:\/\/istitutomariausiliatrice.it\/secondaria1grado\/tra_hdr2_resize\/\" data-url=\"https:\/\/istitutomariausiliatrice.it\/secondaria1grado\/files\/tra_hdr2_resize-1024x512.jpeg\" data-width=\"2304\" src=\"https:\/\/i1.wp.com\/www.istitutomariausiliatrice.it\/secondaria1grado\/files\/tra_hdr2_resize-1024x512.jpeg\" data-amp-layout=\"responsive\"\/><\/figure><\/div><div class=\"tiled-gallery__col\" style=\"flex-basis:27.57657%\"><figure class=\"tiled-gallery__item\"><img decoding=\"async\" alt=\"\" data-height=\"1500\" data-id=\"2618\" data-link=\"https:\/\/istitutomariausiliatrice.it\/secondaria1grado\/tra_hdr4\/\" data-url=\"https:\/\/istitutomariausiliatrice.it\/secondaria1grado\/files\/tra_hdr4-1024x768.jpeg\" data-width=\"2000\" src=\"https:\/\/i0.wp.com\/www.istitutomariausiliatrice.it\/secondaria1grado\/files\/tra_hdr4-1024x768.jpeg\" data-amp-layout=\"responsive\"\/><\/figure><\/div><div class=\"tiled-gallery__col\" style=\"flex-basis:15.55257%\"><figure class=\"tiled-gallery__item\"><img decoding=\"async\" alt=\"\" data-height=\"1600\" data-id=\"2615\" data-link=\"https:\/\/istitutomariausiliatrice.it\/secondaria1grado\/tra_hdr\/\" data-url=\"https:\/\/istitutomariausiliatrice.it\/secondaria1grado\/files\/tra_hdr-768x1024.jpeg\" data-width=\"1200\" src=\"https:\/\/i1.wp.com\/www.istitutomariausiliatrice.it\/secondaria1grado\/files\/tra_hdr-768x1024.jpeg\" data-amp-layout=\"responsive\"\/><\/figure><\/div><div class=\"tiled-gallery__col\" style=\"flex-basis:15.55257%\"><figure class=\"tiled-gallery__item\"><img decoding=\"async\" alt=\"\" data-height=\"1560\" data-id=\"2617\" data-link=\"https:\/\/istitutomariausiliatrice.it\/secondaria1grado\/tra_hdr3\/\" data-url=\"https:\/\/istitutomariausiliatrice.it\/secondaria1grado\/files\/tra_hdr3-768x1024.jpeg\" data-width=\"1170\" src=\"https:\/\/i1.wp.com\/www.istitutomariausiliatrice.it\/secondaria1grado\/files\/tra_hdr3-768x1024.jpeg\" data-amp-layout=\"responsive\"\/><\/figure><\/div><\/div><\/div><\/div>\n\n\n\n<p><\/p>\n\n\n\n<p><\/p>\n\n\n\n<p><\/p>\n\n\n\n<p><\/p>\n\n\n\n<p>PER ULTERIORI INFORMAZIONI PARTECIPA AI NOSTRI <a title=\"OPENDAY\" rel=\"noopener\" href=\"https:\/\/istitutomariausiliatrice.it\/secondaria1grado\/per-conoscerci\/openday\/\" target=\"_blank\"><strong>OPENDAY <\/strong><\/a>O VAI NELLA SEZIONE<strong><a title=\"CONTATTACI\" rel=\"noopener\" data-wplink-edit=\"true\" href=\"https:\/\/istitutomariausiliatrice.it\/secondaria1grado\/per-conoscerci\/scrivici\/\" target=\"_blank\"> CONTATTACI<\/a>!<\/strong><\/p>\n","protected":false},"excerpt":{"rendered":"<p>Nel percorso TRADIZIONALE: si seguono le indicazioni dei&nbsp;programmi emanati dal Ministero della&nbsp;Pubblica Istruzione si studiano due lingue comunitarie: Inglese e Spagnolo si attivano laboratori e progetti che&nbsp;ampliano l\u2019orizzonte delle discipline&nbsp;(laboratori, spettacoli, vacanze-studio all&#8217;estero\u2026) Il percorso \u00e8 cos\u00ec strutturato: 31&nbsp;ore DI INSEGNAMENTO SETTIMANALI &#8211; &nbsp;dal luned\u00ec al gioved\u00ec &nbsp;ore 8.00 \u2013 13.30 &#8211; &nbsp;venerd\u00ec ore 8.00 [&hellip;]<\/p>\n","protected":false},"author":22,"featured_media":2616,"parent":1919,"menu_order":0,"comment_status":"closed","ping_status":"closed","template":"","meta":{"vkexunit_cta_each_option":"","footnotes":""},"class_list":["post-1923","page","type-page","status-publish","has-post-thumbnail","hentry"],"_links":{"self":[{"href":"https:\/\/istitutomariausiliatrice.it\/secondaria1grado\/wp-json\/wp\/v2\/pages\/1923","targetHints":{"allow":["GET"]}}],"collection":[{"href":"https:\/\/istitutomariausiliatrice.it\/secondaria1grado\/wp-json\/wp\/v2\/pages"}],"about":[{"href":"https:\/\/istitutomariausiliatrice.it\/secondaria1grado\/wp-json\/wp\/v2\/types\/page"}],"author":[{"embeddable":true,"href":"https:\/\/istitutomariausiliatrice.it\/secondaria1grado\/wp-json\/wp\/v2\/users\/22"}],"replies":[{"embeddable":true,"href":"https:\/\/istitutomariausiliatrice.it\/secondaria1grado\/wp-json\/wp\/v2\/comments?post=1923"}],"version-history":[{"count":13,"href":"https:\/\/istitutomariausiliatrice.it\/secondaria1grado\/wp-json\/wp\/v2\/pages\/1923\/revisions"}],"predecessor-version":[{"id":2850,"href":"https:\/\/istitutomariausiliatrice.it\/secondaria1grado\/wp-json\/wp\/v2\/pages\/1923\/revisions\/2850"}],"up":[{"embeddable":true,"href":"https:\/\/istitutomariausiliatrice.it\/secondaria1grado\/wp-json\/wp\/v2\/pages\/1919"}],"wp:featuredmedia":[{"embeddable":true,"href":"https:\/\/istitutomariausiliatrice.it\/secondaria1grado\/wp-json\/wp\/v2\/media\/2616"}],"wp:attachment":[{"href":"https:\/\/istitutomariausiliatrice.it\/secondaria1grado\/wp-json\/wp\/v2\/media?parent=1923"}],"curies":[{"name":"wp","href":"https:\/\/api.w.org\/{rel}","templated":true}]}}