{"id":2115,"date":"2016-10-11T11:08:41","date_gmt":"2016-10-11T09:08:41","guid":{"rendered":"http:\/\/www.istitutomariausiliatrice.it\/secondaria1grado\/?page_id=2115"},"modified":"2021-12-04T23:13:22","modified_gmt":"2021-12-04T22:13:22","slug":"maux-band","status":"publish","type":"page","link":"https:\/\/istitutomariausiliatrice.it\/secondaria1grado\/laboratori-extra\/maux-band\/","title":{"rendered":"Maux Band"},"content":{"rendered":"<p><a href=\"https:\/\/istitutomariausiliatrice.it\/secondaria1grado\/files\/tra_hdr3.jpeg\"><img loading=\"lazy\" decoding=\"async\" class=\"alignright  wp-image-2617\" src=\"https:\/\/istitutomariausiliatrice.it\/secondaria1grado\/files\/tra_hdr3-768x1024.jpeg\" alt=\"\" width=\"256\" height=\"342\" srcset=\"https:\/\/istitutomariausiliatrice.it\/secondaria1grado\/files\/tra_hdr3-768x1024.jpeg 768w, https:\/\/istitutomariausiliatrice.it\/secondaria1grado\/files\/tra_hdr3-225x300.jpeg 225w, https:\/\/istitutomariausiliatrice.it\/secondaria1grado\/files\/tra_hdr3-1152x1536.jpeg 1152w, https:\/\/istitutomariausiliatrice.it\/secondaria1grado\/files\/tra_hdr3-150x200.jpeg 150w, https:\/\/istitutomariausiliatrice.it\/secondaria1grado\/files\/tra_hdr3.jpeg 1170w\" sizes=\"auto, (max-width: 256px) 100vw, 256px\" \/><\/a><\/p>\n<p><u>Giorno:<\/u><strong> VENERDI\u2019, <\/strong>dalle 14.30 alle 16.20<\/p>\n<p><u>Destinatari<\/u>: <strong>TUTTI. <\/strong><\/p>\n<p><u>Numero incontri<\/u>: <strong>20<\/strong><\/p>\n<p><u>Insegnante<\/u>: <strong>Prof. Leoni Gabriele<\/strong><\/p>\n<p><u>Informazioni <\/u><u>sul laboratorio<\/u>:\u00a0\u00a0\u00a0\u00a0\u00a0\u00a0\u00a0\u00a0\u00a0\u00a0\u00a0 Il laboratorio <strong>Maux Band<\/strong> \u00e8 un laboratorio di musica, che ha lo scopo di avvicinare i ragazzi allo studio di uno strumento musicale. Dopo una prima lezione, in cui i ragazzi proveranno diversi strumenti (tastiera, chitarra e percussioni) sceglieranno, anche su suggerimento dell\u2019insegnate, su quale concentrarsi. Il laboratorio non ha la pretesa di insegnare a suonare uno strumento in modo professionale, quanto di insegnare ai ragazzi ad amare la musica e a suonare semplici pezzi per animare le feste della scuola e altri momenti. Qualora gli iscritti dovessero essere molti, per far s\u00ec che tutti vengano seguiti in modo adeguato, potrebbero essere divisi in gruppi pi\u00f9 piccoli in base allo strumento scelto. Non \u00e8 necessario acquistare nessuno strumento musicale per partecipare al laboratorio; se nel corso dell\u2019anno ci fosse la necessit\u00e0 per i ragazzi di avere lo strumento a casa per esercitarsi sar\u00e0 cura dell\u2019insegnante parlarne direttamente con le famiglie.<\/p>\n<p><u>Costi:<\/u>\u00a0 <strong>\u20ac 150,00<\/strong><\/p>\n","protected":false},"excerpt":{"rendered":"<p>Giorno: VENERDI\u2019, dalle 14.30 alle 16.20 Destinatari: TUTTI. Numero incontri: 20 Insegnante: Prof. Leoni Gabriele Informazioni sul laboratorio:\u00a0\u00a0\u00a0\u00a0\u00a0\u00a0\u00a0\u00a0\u00a0\u00a0\u00a0 Il laboratorio Maux Band \u00e8 un laboratorio di musica, che ha lo scopo di avvicinare i ragazzi allo studio di uno strumento musicale. Dopo una prima lezione, in cui i ragazzi proveranno diversi strumenti (tastiera, chitarra e [&hellip;]<\/p>\n","protected":false},"author":22,"featured_media":0,"parent":2141,"menu_order":2,"comment_status":"closed","ping_status":"closed","template":"","meta":{"vkexunit_cta_each_option":"","footnotes":""},"class_list":["post-2115","page","type-page","status-publish","hentry"],"_links":{"self":[{"href":"https:\/\/istitutomariausiliatrice.it\/secondaria1grado\/wp-json\/wp\/v2\/pages\/2115","targetHints":{"allow":["GET"]}}],"collection":[{"href":"https:\/\/istitutomariausiliatrice.it\/secondaria1grado\/wp-json\/wp\/v2\/pages"}],"about":[{"href":"https:\/\/istitutomariausiliatrice.it\/secondaria1grado\/wp-json\/wp\/v2\/types\/page"}],"author":[{"embeddable":true,"href":"https:\/\/istitutomariausiliatrice.it\/secondaria1grado\/wp-json\/wp\/v2\/users\/22"}],"replies":[{"embeddable":true,"href":"https:\/\/istitutomariausiliatrice.it\/secondaria1grado\/wp-json\/wp\/v2\/comments?post=2115"}],"version-history":[{"count":4,"href":"https:\/\/istitutomariausiliatrice.it\/secondaria1grado\/wp-json\/wp\/v2\/pages\/2115\/revisions"}],"predecessor-version":[{"id":2872,"href":"https:\/\/istitutomariausiliatrice.it\/secondaria1grado\/wp-json\/wp\/v2\/pages\/2115\/revisions\/2872"}],"up":[{"embeddable":true,"href":"https:\/\/istitutomariausiliatrice.it\/secondaria1grado\/wp-json\/wp\/v2\/pages\/2141"}],"wp:attachment":[{"href":"https:\/\/istitutomariausiliatrice.it\/secondaria1grado\/wp-json\/wp\/v2\/media?parent=2115"}],"curies":[{"name":"wp","href":"https:\/\/api.w.org\/{rel}","templated":true}]}}