{"id":2125,"date":"2016-10-11T11:12:11","date_gmt":"2016-10-11T09:12:11","guid":{"rendered":"http:\/\/www.istitutomariausiliatrice.it\/secondaria1grado\/?page_id=2125"},"modified":"2021-11-04T15:59:04","modified_gmt":"2021-11-04T14:59:04","slug":"sci-e-snowboard","status":"publish","type":"page","link":"https:\/\/istitutomariausiliatrice.it\/secondaria1grado\/laboratori-extra\/sci-e-snowboard\/","title":{"rendered":"Sci e Snowboard"},"content":{"rendered":"\n<div class=\"wp-block-jetpack-tiled-gallery aligncenter is-style-rectangular\"><div class=\"tiled-gallery__gallery\"><div class=\"tiled-gallery__row\"><div class=\"tiled-gallery__col\" style=\"flex-basis:36.24855%\"><figure class=\"tiled-gallery__item\"><img decoding=\"async\" alt=\"\" data-height=\"1148\" data-id=\"2606\" data-link=\"https:\/\/istitutomariausiliatrice.it\/secondaria1grado\/sci_hdr3\/\" data-url=\"https:\/\/istitutomariausiliatrice.it\/secondaria1grado\/files\/sci_hdr3-1024x576.jpeg\" data-width=\"2040\" src=\"https:\/\/i0.wp.com\/www.istitutomariausiliatrice.it\/secondaria1grado\/files\/sci_hdr3-1024x576.jpeg\" data-amp-layout=\"responsive\"\/><\/figure><figure class=\"tiled-gallery__item\"><img decoding=\"async\" alt=\"\" data-height=\"1536\" data-id=\"2605\" data-link=\"https:\/\/istitutomariausiliatrice.it\/secondaria1grado\/sci_hdr2\/\" data-url=\"https:\/\/istitutomariausiliatrice.it\/secondaria1grado\/files\/sci_hdr2-1024x768.jpeg\" data-width=\"2048\" src=\"https:\/\/i1.wp.com\/www.istitutomariausiliatrice.it\/secondaria1grado\/files\/sci_hdr2-1024x768.jpeg\" data-amp-layout=\"responsive\"\/><\/figure><\/div><div class=\"tiled-gallery__col\" style=\"flex-basis:63.75145%\"><figure class=\"tiled-gallery__item\"><img decoding=\"async\" alt=\"\" data-height=\"1536\" data-id=\"2604\" data-link=\"https:\/\/istitutomariausiliatrice.it\/secondaria1grado\/sci_hdr\/\" data-url=\"https:\/\/istitutomariausiliatrice.it\/secondaria1grado\/files\/sci_hdr-1024x768.jpeg\" data-width=\"2048\" src=\"https:\/\/i1.wp.com\/www.istitutomariausiliatrice.it\/secondaria1grado\/files\/sci_hdr-1024x768.jpeg\" data-amp-layout=\"responsive\"\/><\/figure><\/div><\/div><\/div><\/div>\n\n\n<p><u>Giorno:<\/u><strong> VENERDI\u2019, <\/strong>dalle ore 12.00 alle ore 19.00 a Bardonecchia.<\/p>\n<p><u>Destinatari<\/u>: <strong>TUTTI <\/strong><\/p>\n<p><u>Numero incontri<\/u>: <strong>4-5<\/strong><\/p>\n<p><u>Insegnante<\/u>: <em>responsabile &#8211; Prof.ssa Ridolfi Maria Teresa<\/em><\/p>\n<p><u>Informazioni sul laboratorio<\/u>:&nbsp;&nbsp;&nbsp;&nbsp;&nbsp;&nbsp;&nbsp;&nbsp; Il laboratorio si svolge per 4-5 venerd\u00ec nei mesi di gennaio e febbraio (compatibilmente anche con la presenza della neve). Prevede la partenza dalla scuola alle ore 12.00 in pullman e il ritorno, sempre a scuola, per le ore 19.00 circa. A Bardonecchia i ragazzi sono seguiti da maestri esperti in piccoli gruppi, divisi per livello di capacit\u00e0 sciistiche. Non \u00e8 necessario saper gi\u00e0 sciare per partecipare al laboratorio: \u00e8 pensato anche per i principianti che non hanno mai messo gli sci ai piedi. Il costo del laboratorio prevede il trasporto in pullman, quattro abbonamenti pomeridiani agli impianti di risalita, 4 lezioni di sci e l\u2019affitto dell\u2019attrezzatura (sci, scarponi, bastoncini e casco).<\/p>\n<p><u>Costi:<\/u>&nbsp; <strong>verranno comunicati non appena forniti dalla scuola di sci di Bardonecchia. <\/strong><\/p>","protected":false},"excerpt":{"rendered":"<p>Giorno: VENERDI\u2019, dalle ore 12.00 alle ore 19.00 a Bardonecchia. Destinatari: TUTTI Numero incontri: 4-5 Insegnante: responsabile &#8211; Prof.ssa Ridolfi Maria Teresa Informazioni sul laboratorio:&nbsp;&nbsp;&nbsp;&nbsp;&nbsp;&nbsp;&nbsp;&nbsp; Il laboratorio si svolge per 4-5 venerd\u00ec nei mesi di gennaio e febbraio (compatibilmente anche con la presenza della neve). Prevede la partenza dalla scuola alle ore 12.00 in pullman [&hellip;]<\/p>\n","protected":false},"author":1,"featured_media":0,"parent":2141,"menu_order":7,"comment_status":"closed","ping_status":"closed","template":"","meta":{"vkexunit_cta_each_option":"","footnotes":""},"class_list":["post-2125","page","type-page","status-publish","hentry"],"_links":{"self":[{"href":"https:\/\/istitutomariausiliatrice.it\/secondaria1grado\/wp-json\/wp\/v2\/pages\/2125","targetHints":{"allow":["GET"]}}],"collection":[{"href":"https:\/\/istitutomariausiliatrice.it\/secondaria1grado\/wp-json\/wp\/v2\/pages"}],"about":[{"href":"https:\/\/istitutomariausiliatrice.it\/secondaria1grado\/wp-json\/wp\/v2\/types\/page"}],"author":[{"embeddable":true,"href":"https:\/\/istitutomariausiliatrice.it\/secondaria1grado\/wp-json\/wp\/v2\/users\/1"}],"replies":[{"embeddable":true,"href":"https:\/\/istitutomariausiliatrice.it\/secondaria1grado\/wp-json\/wp\/v2\/comments?post=2125"}],"version-history":[{"count":4,"href":"https:\/\/istitutomariausiliatrice.it\/secondaria1grado\/wp-json\/wp\/v2\/pages\/2125\/revisions"}],"predecessor-version":[{"id":2821,"href":"https:\/\/istitutomariausiliatrice.it\/secondaria1grado\/wp-json\/wp\/v2\/pages\/2125\/revisions\/2821"}],"up":[{"embeddable":true,"href":"https:\/\/istitutomariausiliatrice.it\/secondaria1grado\/wp-json\/wp\/v2\/pages\/2141"}],"wp:attachment":[{"href":"https:\/\/istitutomariausiliatrice.it\/secondaria1grado\/wp-json\/wp\/v2\/media?parent=2125"}],"curies":[{"name":"wp","href":"https:\/\/api.w.org\/{rel}","templated":true}]}}