{"id":2186,"date":"2016-10-11T14:55:32","date_gmt":"2016-10-11T12:55:32","guid":{"rendered":"http:\/\/www.istitutomariausiliatrice.it\/secondaria1grado\/?page_id=2186"},"modified":"2021-11-04T16:14:33","modified_gmt":"2021-11-04T15:14:33","slug":"cinese","status":"publish","type":"page","link":"https:\/\/istitutomariausiliatrice.it\/secondaria1grado\/laboratori-extra\/cinese\/","title":{"rendered":"Lingua Cinese"},"content":{"rendered":"\n<figure class=\"wp-block-image size-large\"><a href=\"https:\/\/istitutomariausiliatrice.it\/secondaria1grado\/files\/IMG-20210212-WA0001.jpg\"><img loading=\"lazy\" decoding=\"async\" width=\"1024\" height=\"473\" src=\"https:\/\/istitutomariausiliatrice.it\/secondaria1grado\/files\/IMG-20210212-WA0001-1024x473.jpg\" alt=\"\" class=\"wp-image-2824\" srcset=\"https:\/\/istitutomariausiliatrice.it\/secondaria1grado\/files\/IMG-20210212-WA0001-1024x473.jpg 1024w, https:\/\/istitutomariausiliatrice.it\/secondaria1grado\/files\/IMG-20210212-WA0001-300x138.jpg 300w, https:\/\/istitutomariausiliatrice.it\/secondaria1grado\/files\/IMG-20210212-WA0001-768x354.jpg 768w, https:\/\/istitutomariausiliatrice.it\/secondaria1grado\/files\/IMG-20210212-WA0001-1536x709.jpg 1536w, https:\/\/istitutomariausiliatrice.it\/secondaria1grado\/files\/IMG-20210212-WA0001.jpg 2048w\" sizes=\"auto, (max-width: 1024px) 100vw, 1024px\" \/><\/a><\/figure>\n\n\n<p>\u00a0<\/p>\n<p><u>Giorno:<\/u><strong> da definire, <\/strong>dalle ore 14.30 alle ore 16.20<\/p>\n<p><u>Destinatari<\/u>: <strong>TUTTI <\/strong><\/p>\n<p><u>Numero incontri<\/u>: <strong>20<\/strong><\/p>\n<p><u>Insegnante<\/u>: <strong>Insegnante dell&#8217;Istituto Confucio<\/strong><\/p>\n<p><u>Informazioni sul laboratorio<\/u>:\u00a0\u00a0 Il laboratorio di Cinese ha la finalit\u00e0 di avvicinare i ragazzi alla lingua cinese, sia parlata che scritta. \u00c8 un corso base, che ha come scopo quello di fornire i primi rudimenti del cinese, soprattutto per chi intender\u00e0, in futuro, studiare il cinese alla scuola superiore.<\/p>\n<p>\u00a0<\/p>\n<p><u>Costi:<\/u>\u00a0 <strong>\u20ac 100,00 <\/strong><\/p>","protected":false},"excerpt":{"rendered":"<p>\u00a0 Giorno: da definire, dalle ore 14.30 alle ore 16.20 Destinatari: TUTTI Numero incontri: 20 Insegnante: Insegnante dell&#8217;Istituto Confucio Informazioni sul laboratorio:\u00a0\u00a0 Il laboratorio di Cinese ha la finalit\u00e0 di avvicinare i ragazzi alla lingua cinese, sia parlata che scritta. \u00c8 un corso base, che ha come scopo quello di fornire i primi rudimenti del [&hellip;]<\/p>\n","protected":false},"author":1,"featured_media":0,"parent":2141,"menu_order":0,"comment_status":"closed","ping_status":"closed","template":"","meta":{"vkexunit_cta_each_option":"","footnotes":""},"class_list":["post-2186","page","type-page","status-publish","hentry"],"_links":{"self":[{"href":"https:\/\/istitutomariausiliatrice.it\/secondaria1grado\/wp-json\/wp\/v2\/pages\/2186","targetHints":{"allow":["GET"]}}],"collection":[{"href":"https:\/\/istitutomariausiliatrice.it\/secondaria1grado\/wp-json\/wp\/v2\/pages"}],"about":[{"href":"https:\/\/istitutomariausiliatrice.it\/secondaria1grado\/wp-json\/wp\/v2\/types\/page"}],"author":[{"embeddable":true,"href":"https:\/\/istitutomariausiliatrice.it\/secondaria1grado\/wp-json\/wp\/v2\/users\/1"}],"replies":[{"embeddable":true,"href":"https:\/\/istitutomariausiliatrice.it\/secondaria1grado\/wp-json\/wp\/v2\/comments?post=2186"}],"version-history":[{"count":3,"href":"https:\/\/istitutomariausiliatrice.it\/secondaria1grado\/wp-json\/wp\/v2\/pages\/2186\/revisions"}],"predecessor-version":[{"id":2827,"href":"https:\/\/istitutomariausiliatrice.it\/secondaria1grado\/wp-json\/wp\/v2\/pages\/2186\/revisions\/2827"}],"up":[{"embeddable":true,"href":"https:\/\/istitutomariausiliatrice.it\/secondaria1grado\/wp-json\/wp\/v2\/pages\/2141"}],"wp:attachment":[{"href":"https:\/\/istitutomariausiliatrice.it\/secondaria1grado\/wp-json\/wp\/v2\/media?parent=2186"}],"curies":[{"name":"wp","href":"https:\/\/api.w.org\/{rel}","templated":true}]}}